{"id":12471,"date":"2024-02-02T11:45:38","date_gmt":"2024-02-02T10:45:38","guid":{"rendered":"http:\/\/dune.euromaritime.fr\/visite-virtuelle\/"},"modified":"2024-09-13T14:05:16","modified_gmt":"2024-09-13T12:05:16","slug":"visite-virtuelle","status":"publish","type":"page","link":"https:\/\/www.euromaritime.fr\/fr\/visite-virtuelle\/","title":{"rendered":"Visite virtuelle"},"content":{"rendered":"\t\t<div data-elementor-type=\"wp-page\" data-elementor-id=\"12471\" class=\"elementor elementor-12471 elementor-12432\" data-elementor-settings=\"{&quot;ha_cmc_init_switcher&quot;:&quot;no&quot;}\" data-elementor-post-type=\"page\">\n\t\t\t\t\t\t<section data-particle_enable=\"false\" data-particle-mobile-disabled=\"false\" class=\"elementor-section elementor-top-section elementor-element elementor-element-b17243b elementor-section-full_width elementor-section-height-default elementor-section-height-default\" data-id=\"b17243b\" data-element_type=\"section\" data-e-type=\"section\" data-settings=\"{&quot;background_background&quot;:&quot;classic&quot;,&quot;_ha_eqh_enable&quot;:false}\">\n\t\t\t\t\t\t\t<div class=\"elementor-background-overlay\"><\/div>\n\t\t\t\t\t\t\t<div class=\"elementor-container elementor-column-gap-default\">\n\t\t\t\t\t<div class=\"elementor-column elementor-col-100 elementor-top-column elementor-element elementor-element-e85c2bd\" data-id=\"e85c2bd\" data-element_type=\"column\" data-e-type=\"column\">\n\t\t\t<div class=\"elementor-widget-wrap elementor-element-populated\">\n\t\t\t\t\t\t<div class=\"elementor-element elementor-element-0d17c95 elementor-widget elementor-widget-spacer\" data-id=\"0d17c95\" data-element_type=\"widget\" data-e-type=\"widget\" data-widget_type=\"spacer.default\">\n\t\t\t\t<div class=\"elementor-widget-container\">\n\t\t\t\t\t\t\t<div class=\"elementor-spacer\">\n\t\t\t<div class=\"elementor-spacer-inner\"><\/div>\n\t\t<\/div>\n\t\t\t\t\t\t<\/div>\n\t\t\t\t<\/div>\n\t\t\t\t<div class=\"elementor-element elementor-element-8b67b95 elementor-widget__width-initial elementor-absolute elementor-widget elementor-widget-image\" data-id=\"8b67b95\" data-element_type=\"widget\" data-e-type=\"widget\" data-settings=\"{&quot;_position&quot;:&quot;absolute&quot;,&quot;ep_floating_effects_show&quot;:&quot;yes&quot;,&quot;ep_floating_effects_translate_toggle&quot;:&quot;yes&quot;,&quot;ep_floating_effects_translate_x&quot;:{&quot;unit&quot;:&quot;px&quot;,&quot;size&quot;:&quot;&quot;,&quot;sizes&quot;:{&quot;from&quot;:0,&quot;to&quot;:26}},&quot;ep_floating_effects_translate_duration&quot;:{&quot;unit&quot;:&quot;px&quot;,&quot;size&quot;:6500,&quot;sizes&quot;:[]},&quot;ep_floating_effects_translate_y&quot;:{&quot;unit&quot;:&quot;px&quot;,&quot;size&quot;:&quot;&quot;,&quot;sizes&quot;:{&quot;from&quot;:0,&quot;to&quot;:30}},&quot;ep_floating_effects_translate_delay&quot;:{&quot;unit&quot;:&quot;px&quot;,&quot;size&quot;:&quot;&quot;,&quot;sizes&quot;:[]},&quot;ep_floating_effects_easing&quot;:&quot;easeInOutQuad&quot;}\" data-widget_type=\"image.default\">\n\t\t\t\t<div class=\"elementor-widget-container\">\n\t\t\t\t\t\t\t\t\t\t\t\t\t\t\t<img decoding=\"async\" width=\"100\" height=\"100\" src=\"https:\/\/www.euromaritime.fr\/wp-content\/uploads\/2024\/02\/nautical-sympbol1.png\" class=\"attachment-large size-large wp-image-12453\" alt=\"nautical-sympbol1\" \/>\t\t\t\t\t\t\t\t\t\t\t\t\t\t\t<\/div>\n\t\t\t\t<\/div>\n\t\t\t\t<div class=\"elementor-element elementor-element-418e40d elementor-widget__width-initial elementor-absolute elementor-widget elementor-widget-image\" data-id=\"418e40d\" data-element_type=\"widget\" data-e-type=\"widget\" data-settings=\"{&quot;_position&quot;:&quot;absolute&quot;,&quot;ep_floating_effects_show&quot;:&quot;yes&quot;,&quot;ep_floating_effects_translate_toggle&quot;:&quot;yes&quot;,&quot;ep_floating_effects_translate_x&quot;:{&quot;unit&quot;:&quot;px&quot;,&quot;size&quot;:&quot;&quot;,&quot;sizes&quot;:{&quot;from&quot;:-17,&quot;to&quot;:-17}},&quot;ep_floating_effects_translate_y&quot;:{&quot;unit&quot;:&quot;px&quot;,&quot;size&quot;:&quot;&quot;,&quot;sizes&quot;:{&quot;from&quot;:-12,&quot;to&quot;:18}},&quot;ep_floating_effects_translate_duration&quot;:{&quot;unit&quot;:&quot;px&quot;,&quot;size&quot;:7400,&quot;sizes&quot;:[]},&quot;ep_floating_effects_translate_delay&quot;:{&quot;unit&quot;:&quot;px&quot;,&quot;size&quot;:&quot;&quot;,&quot;sizes&quot;:[]},&quot;ep_floating_effects_easing&quot;:&quot;easeInOutQuad&quot;}\" data-widget_type=\"image.default\">\n\t\t\t\t<div class=\"elementor-widget-container\">\n\t\t\t\t\t\t\t\t\t\t\t\t\t\t\t<img decoding=\"async\" width=\"100\" height=\"100\" src=\"https:\/\/www.euromaritime.fr\/wp-content\/uploads\/2024\/02\/nautical-sympbol2.png\" class=\"attachment-large size-large wp-image-12455\" alt=\"\" \/>\t\t\t\t\t\t\t\t\t\t\t\t\t\t\t<\/div>\n\t\t\t\t<\/div>\n\t\t\t\t<div class=\"elementor-element elementor-element-8f9b78f elementor-widget elementor-widget-text-editor\" data-id=\"8f9b78f\" data-element_type=\"widget\" data-e-type=\"widget\" data-widget_type=\"text-editor.default\">\n\t\t\t\t<div class=\"elementor-widget-container\">\n\t\t\t\t\t\t\t\t\t<p>Bienvenue dans la visite virtuelle d&rsquo;Euromartime 2024. En vous lan\u00e7ant dans ce voyage num\u00e9rique, vivez \u00e0 nouveau l&rsquo;enthousiasme, l&rsquo;innovation et les connexions de l&rsquo;\u00e9v\u00e9nement,<br \/>l&rsquo;innovation et les connexions de l&rsquo;\u00e9v\u00e9nement.<\/p>\n<p><strong>Bonne red\u00e9couverte de la magie de l&rsquo;Euromaritime !<\/strong><\/p>\n\t\t\t\t\t\t\t\t<\/div>\n\t\t\t\t<\/div>\n\t\t\t\t<div class=\"elementor-element elementor-element-3e55eca elementor-cta--skin-cover elementor-animated-content elementor-bg-transform elementor-bg-transform-zoom-in elementor-widget elementor-widget-call-to-action\" data-id=\"3e55eca\" data-element_type=\"widget\" data-e-type=\"widget\" data-widget_type=\"call-to-action.default\">\n\t\t\t\t<div class=\"elementor-widget-container\">\n\t\t\t\t\t\t\t<a class=\"elementor-cta\" href=\"https:\/\/dunevents.com\/clients\/EM24\/\" target=\"_blank\">\n\t\t\t\t\t<div class=\"elementor-cta__bg-wrapper\">\n\t\t\t\t<div class=\"elementor-cta__bg elementor-bg\" style=\"background-image: url(https:\/\/www.euromaritime.fr\/wp-content\/uploads\/2024\/02\/visit-virtual.jpg);\" role=\"img\" aria-label=\"visit-virtual\"><\/div>\n\t\t\t\t<div class=\"elementor-cta__bg-overlay\"><\/div>\n\t\t\t<\/div>\n\t\t\t\t\t\t\t<div class=\"elementor-cta__content\">\n\t\t\t\t\n\t\t\t\t\n\t\t\t\t\n\t\t\t\t\t\t\t\t\t<div class=\"elementor-cta__button-wrapper elementor-cta__content-item elementor-content-item elementor-animated-item--grow\">\n\t\t\t\t\t<span class=\"elementor-cta__button elementor-button elementor-size-lg\">\n\t\t\t\t\t\tRed\u00e9couvrez Euromaritime 2024 en 360\u00b0 \t\t\t\t\t<\/span>\n\t\t\t\t\t<\/div>\n\t\t\t\t\t\t\t<\/div>\n\t\t\t\t\t\t<\/a>\n\t\t\t\t\t\t<\/div>\n\t\t\t\t<\/div>\n\t\t\t\t\t<\/div>\n\t\t<\/div>\n\t\t\t\t\t<\/div>\n\t\t<\/section>\n\t\t\t\t<section data-particle_enable=\"false\" data-particle-mobile-disabled=\"false\" class=\"elementor-section elementor-top-section elementor-element elementor-element-eb5607b elementor-section-full_width elementor-section-height-default elementor-section-height-default\" data-id=\"eb5607b\" data-element_type=\"section\" data-e-type=\"section\" data-settings=\"{&quot;_ha_eqh_enable&quot;:false}\">\n\t\t\t\t\t\t\t<div class=\"elementor-background-overlay\"><\/div>\n\t\t\t\t\t\t\t<div class=\"elementor-container elementor-column-gap-default\">\n\t\t\t\t\t<div class=\"elementor-column elementor-col-100 elementor-top-column elementor-element elementor-element-e51df18\" data-id=\"e51df18\" data-element_type=\"column\" data-e-type=\"column\">\n\t\t\t<div class=\"elementor-widget-wrap elementor-element-populated\">\n\t\t\t\t\t\t<div class=\"elementor-element elementor-element-a89cde8 elementor-widget__width-auto elementor-widget elementor-widget-text-editor\" data-id=\"a89cde8\" data-element_type=\"widget\" data-e-type=\"widget\" data-widget_type=\"text-editor.default\">\n\t\t\t\t<div class=\"elementor-widget-container\">\n\t\t\t\t\t\t\t\t\t<p>Propuls\u00e9 par<\/p>\n\t\t\t\t\t\t\t\t<\/div>\n\t\t\t\t<\/div>\n\t\t\t\t<div class=\"elementor-element elementor-element-332b5cd elementor-widget__width-auto elementor-widget elementor-widget-image\" data-id=\"332b5cd\" data-element_type=\"widget\" data-e-type=\"widget\" data-widget_type=\"image.default\">\n\t\t\t\t<div class=\"elementor-widget-container\">\n\t\t\t\t\t\t\t\t\t\t\t\t\t\t\t<img decoding=\"async\" width=\"500\" height=\"90\" src=\"https:\/\/www.euromaritime.fr\/wp-content\/uploads\/2024\/02\/logo-dunevents.png\" class=\"attachment-large size-large wp-image-12439\" alt=\"logo-dunevents\" srcset=\"https:\/\/www.euromaritime.fr\/wp-content\/uploads\/2024\/02\/logo-dunevents.png 500w, https:\/\/www.euromaritime.fr\/wp-content\/uploads\/2024\/02\/logo-dunevents-300x54.png 300w\" sizes=\"(max-width: 500px) 100vw, 500px\" \/>\t\t\t\t\t\t\t\t\t\t\t\t\t\t\t<\/div>\n\t\t\t\t<\/div>\n\t\t\t\t<div class=\"elementor-element elementor-element-dad14e1 elementor-align-right elementor-mobile-align-center elementor-widget elementor-widget-button\" data-id=\"dad14e1\" data-element_type=\"widget\" data-e-type=\"widget\" data-widget_type=\"button.default\">\n\t\t\t\t<div class=\"elementor-widget-container\">\n\t\t\t\t\t\t\t\t\t<div class=\"elementor-button-wrapper\">\n\t\t\t\t\t<a class=\"elementor-button elementor-button-link elementor-size-sm elementor-animation-shrink\" href=\"https:\/\/dunevents.com\/\" target=\"_blank\">\n\t\t\t\t\t\t<span class=\"elementor-button-content-wrapper\">\n\t\t\t\t\t\t\t\t\t<span class=\"elementor-button-text\">www.dunevents.com<\/span>\n\t\t\t\t\t<\/span>\n\t\t\t\t\t<\/a>\n\t\t\t\t<\/div>\n\t\t\t\t\t\t\t\t<\/div>\n\t\t\t\t<\/div>\n\t\t\t\t\t<\/div>\n\t\t<\/div>\n\t\t\t\t\t<\/div>\n\t\t<\/section>\n\t\t\t\t<\/div>\n\t\t","protected":false},"excerpt":{"rendered":"<p>Bienvenue dans la visite virtuelle d&rsquo;Euromartime 2024. En vous lan\u00e7ant dans ce voyage num\u00e9rique, vivez \u00e0 nouveau l&rsquo;enthousiasme, l&rsquo;innovation et les connexions de l&rsquo;\u00e9v\u00e9nement,l&rsquo;innovation et les connexions de l&rsquo;\u00e9v\u00e9nement. Bonne red\u00e9couverte de la magie de l&rsquo;Euromaritime ! Red\u00e9couvrez Euromaritime 2024 en 360\u00b0 Propuls\u00e9 par www.dunevents.com<\/p>\n","protected":false},"author":1,"featured_media":0,"parent":0,"menu_order":0,"comment_status":"closed","ping_status":"closed","template":"","meta":{"_acf_changed":false,"footnotes":"","_links_to":"","_links_to_target":""},"class_list":["post-12471","page","type-page","status-publish","hentry"],"acf":[],"yoast_head":"<!-- This site is optimized with the Yoast SEO plugin v27.4 - https:\/\/yoast.com\/product\/yoast-seo-wordpress\/ -->\n<title>Euromaritime - Visite virtuelle 2024<\/title>\n<meta name=\"description\" content=\"D\u00e9couvrez le salon 2024, qui pr\u00e9sente les principales entreprises de l&#039;industrie maritime. D\u00e9couvrez leurs produits et services en provenance d&#039;Europe.\" \/>\n<meta name=\"robots\" content=\"index, follow, max-snippet:-1, max-image-preview:large, max-video-preview:-1\" \/>\n<link rel=\"canonical\" href=\"https:\/\/www.euromaritime.fr\/fr\/visite-virtuelle\/\" \/>\n<meta property=\"og:locale\" content=\"fr_FR\" \/>\n<meta property=\"og:type\" content=\"article\" \/>\n<meta property=\"og:title\" content=\"Euromaritime - Visite virtuelle 2024\" \/>\n<meta property=\"og:description\" content=\"D\u00e9couvrez le salon 2024, qui pr\u00e9sente les principales entreprises de l&#039;industrie maritime. D\u00e9couvrez leurs produits et services en provenance d&#039;Europe.\" \/>\n<meta property=\"og:url\" content=\"https:\/\/www.euromaritime.fr\/fr\/visite-virtuelle\/\" \/>\n<meta property=\"og:site_name\" content=\"Euromaritime\" \/>\n<meta property=\"article:modified_time\" content=\"2024-09-13T12:05:16+00:00\" \/>\n<meta property=\"og:image\" content=\"https:\/\/www.euromaritime.fr\/wp-content\/uploads\/2024\/02\/nautical-sympbol1.png\" \/>\n<meta name=\"twitter:card\" content=\"summary_large_image\" \/>\n<meta name=\"twitter:site\" content=\"@Euromaritime22\" \/>\n<script type=\"application\/ld+json\" class=\"yoast-schema-graph\">{\"@context\":\"https:\\\/\\\/schema.org\",\"@graph\":[{\"@type\":\"WebPage\",\"@id\":\"https:\\\/\\\/www.euromaritime.fr\\\/fr\\\/visite-virtuelle\\\/\",\"url\":\"https:\\\/\\\/www.euromaritime.fr\\\/fr\\\/visite-virtuelle\\\/\",\"name\":\"Euromaritime - Visite virtuelle 2024\",\"isPartOf\":{\"@id\":\"https:\\\/\\\/www.euromaritime.fr\\\/#website\"},\"primaryImageOfPage\":{\"@id\":\"https:\\\/\\\/www.euromaritime.fr\\\/fr\\\/visite-virtuelle\\\/#primaryimage\"},\"image\":{\"@id\":\"https:\\\/\\\/www.euromaritime.fr\\\/fr\\\/visite-virtuelle\\\/#primaryimage\"},\"thumbnailUrl\":\"https:\\\/\\\/www.euromaritime.fr\\\/wp-content\\\/uploads\\\/2024\\\/02\\\/nautical-sympbol1.png\",\"datePublished\":\"2024-02-02T10:45:38+00:00\",\"dateModified\":\"2024-09-13T12:05:16+00:00\",\"description\":\"D\u00e9couvrez le salon 2024, qui pr\u00e9sente les principales entreprises de l'industrie maritime. D\u00e9couvrez leurs produits et services en provenance d'Europe.\",\"breadcrumb\":{\"@id\":\"https:\\\/\\\/www.euromaritime.fr\\\/fr\\\/visite-virtuelle\\\/#breadcrumb\"},\"inLanguage\":\"fr-FR\",\"potentialAction\":[{\"@type\":\"ReadAction\",\"target\":[\"https:\\\/\\\/www.euromaritime.fr\\\/fr\\\/visite-virtuelle\\\/\"]}]},{\"@type\":\"ImageObject\",\"inLanguage\":\"fr-FR\",\"@id\":\"https:\\\/\\\/www.euromaritime.fr\\\/fr\\\/visite-virtuelle\\\/#primaryimage\",\"url\":\"https:\\\/\\\/www.euromaritime.fr\\\/wp-content\\\/uploads\\\/2024\\\/02\\\/nautical-sympbol1.png\",\"contentUrl\":\"https:\\\/\\\/www.euromaritime.fr\\\/wp-content\\\/uploads\\\/2024\\\/02\\\/nautical-sympbol1.png\"},{\"@type\":\"BreadcrumbList\",\"@id\":\"https:\\\/\\\/www.euromaritime.fr\\\/fr\\\/visite-virtuelle\\\/#breadcrumb\",\"itemListElement\":[{\"@type\":\"ListItem\",\"position\":1,\"name\":\"Accueil\",\"item\":\"https:\\\/\\\/www.euromaritime.fr\\\/fr\\\/accueil2026\\\/\"},{\"@type\":\"ListItem\",\"position\":2,\"name\":\"Visite virtuelle\"}]},{\"@type\":\"WebSite\",\"@id\":\"https:\\\/\\\/www.euromaritime.fr\\\/#website\",\"url\":\"https:\\\/\\\/www.euromaritime.fr\\\/\",\"name\":\"Euromaritime\",\"description\":\"Trade fair for an innovative marine industry\",\"publisher\":{\"@id\":\"https:\\\/\\\/www.euromaritime.fr\\\/#organization\"},\"potentialAction\":[{\"@type\":\"SearchAction\",\"target\":{\"@type\":\"EntryPoint\",\"urlTemplate\":\"https:\\\/\\\/www.euromaritime.fr\\\/?s={search_term_string}\"},\"query-input\":{\"@type\":\"PropertyValueSpecification\",\"valueRequired\":true,\"valueName\":\"search_term_string\"}}],\"inLanguage\":\"fr-FR\"},{\"@type\":\"Organization\",\"@id\":\"https:\\\/\\\/www.euromaritime.fr\\\/#organization\",\"name\":\"Euromaritime\",\"url\":\"https:\\\/\\\/www.euromaritime.fr\\\/\",\"logo\":{\"@type\":\"ImageObject\",\"inLanguage\":\"fr-FR\",\"@id\":\"https:\\\/\\\/www.euromaritime.fr\\\/#\\\/schema\\\/logo\\\/image\\\/\",\"url\":\"https:\\\/\\\/www.euromaritime.fr\\\/wp-content\\\/uploads\\\/2023\\\/02\\\/euromaritime-logo-dark.svg\",\"contentUrl\":\"https:\\\/\\\/www.euromaritime.fr\\\/wp-content\\\/uploads\\\/2023\\\/02\\\/euromaritime-logo-dark.svg\",\"caption\":\"Euromaritime\"},\"image\":{\"@id\":\"https:\\\/\\\/www.euromaritime.fr\\\/#\\\/schema\\\/logo\\\/image\\\/\"},\"sameAs\":[\"https:\\\/\\\/x.com\\\/Euromaritime22\",\"https:\\\/\\\/www.linkedin.com\\\/company\\\/euromaritime\\\/\",\"https:\\\/\\\/www.youtube.com\\\/@euromaritime5954\"]}]}<\/script>\n<!-- \/ Yoast SEO plugin. -->","yoast_head_json":{"title":"Euromaritime - Visite virtuelle 2024","description":"D\u00e9couvrez le salon 2024, qui pr\u00e9sente les principales entreprises de l'industrie maritime. D\u00e9couvrez leurs produits et services en provenance d'Europe.","robots":{"index":"index","follow":"follow","max-snippet":"max-snippet:-1","max-image-preview":"max-image-preview:large","max-video-preview":"max-video-preview:-1"},"canonical":"https:\/\/www.euromaritime.fr\/fr\/visite-virtuelle\/","og_locale":"fr_FR","og_type":"article","og_title":"Euromaritime - Visite virtuelle 2024","og_description":"D\u00e9couvrez le salon 2024, qui pr\u00e9sente les principales entreprises de l'industrie maritime. D\u00e9couvrez leurs produits et services en provenance d'Europe.","og_url":"https:\/\/www.euromaritime.fr\/fr\/visite-virtuelle\/","og_site_name":"Euromaritime","article_modified_time":"2024-09-13T12:05:16+00:00","og_image":[{"url":"https:\/\/www.euromaritime.fr\/wp-content\/uploads\/2024\/02\/nautical-sympbol1.png","type":"","width":"","height":""}],"twitter_card":"summary_large_image","twitter_site":"@Euromaritime22","schema":{"@context":"https:\/\/schema.org","@graph":[{"@type":"WebPage","@id":"https:\/\/www.euromaritime.fr\/fr\/visite-virtuelle\/","url":"https:\/\/www.euromaritime.fr\/fr\/visite-virtuelle\/","name":"Euromaritime - Visite virtuelle 2024","isPartOf":{"@id":"https:\/\/www.euromaritime.fr\/#website"},"primaryImageOfPage":{"@id":"https:\/\/www.euromaritime.fr\/fr\/visite-virtuelle\/#primaryimage"},"image":{"@id":"https:\/\/www.euromaritime.fr\/fr\/visite-virtuelle\/#primaryimage"},"thumbnailUrl":"https:\/\/www.euromaritime.fr\/wp-content\/uploads\/2024\/02\/nautical-sympbol1.png","datePublished":"2024-02-02T10:45:38+00:00","dateModified":"2024-09-13T12:05:16+00:00","description":"D\u00e9couvrez le salon 2024, qui pr\u00e9sente les principales entreprises de l'industrie maritime. D\u00e9couvrez leurs produits et services en provenance d'Europe.","breadcrumb":{"@id":"https:\/\/www.euromaritime.fr\/fr\/visite-virtuelle\/#breadcrumb"},"inLanguage":"fr-FR","potentialAction":[{"@type":"ReadAction","target":["https:\/\/www.euromaritime.fr\/fr\/visite-virtuelle\/"]}]},{"@type":"ImageObject","inLanguage":"fr-FR","@id":"https:\/\/www.euromaritime.fr\/fr\/visite-virtuelle\/#primaryimage","url":"https:\/\/www.euromaritime.fr\/wp-content\/uploads\/2024\/02\/nautical-sympbol1.png","contentUrl":"https:\/\/www.euromaritime.fr\/wp-content\/uploads\/2024\/02\/nautical-sympbol1.png"},{"@type":"BreadcrumbList","@id":"https:\/\/www.euromaritime.fr\/fr\/visite-virtuelle\/#breadcrumb","itemListElement":[{"@type":"ListItem","position":1,"name":"Accueil","item":"https:\/\/www.euromaritime.fr\/fr\/accueil2026\/"},{"@type":"ListItem","position":2,"name":"Visite virtuelle"}]},{"@type":"WebSite","@id":"https:\/\/www.euromaritime.fr\/#website","url":"https:\/\/www.euromaritime.fr\/","name":"Euromaritime","description":"Trade fair for an innovative marine industry","publisher":{"@id":"https:\/\/www.euromaritime.fr\/#organization"},"potentialAction":[{"@type":"SearchAction","target":{"@type":"EntryPoint","urlTemplate":"https:\/\/www.euromaritime.fr\/?s={search_term_string}"},"query-input":{"@type":"PropertyValueSpecification","valueRequired":true,"valueName":"search_term_string"}}],"inLanguage":"fr-FR"},{"@type":"Organization","@id":"https:\/\/www.euromaritime.fr\/#organization","name":"Euromaritime","url":"https:\/\/www.euromaritime.fr\/","logo":{"@type":"ImageObject","inLanguage":"fr-FR","@id":"https:\/\/www.euromaritime.fr\/#\/schema\/logo\/image\/","url":"https:\/\/www.euromaritime.fr\/wp-content\/uploads\/2023\/02\/euromaritime-logo-dark.svg","contentUrl":"https:\/\/www.euromaritime.fr\/wp-content\/uploads\/2023\/02\/euromaritime-logo-dark.svg","caption":"Euromaritime"},"image":{"@id":"https:\/\/www.euromaritime.fr\/#\/schema\/logo\/image\/"},"sameAs":["https:\/\/x.com\/Euromaritime22","https:\/\/www.linkedin.com\/company\/euromaritime\/","https:\/\/www.youtube.com\/@euromaritime5954"]}]}},"_links":{"self":[{"href":"https:\/\/www.euromaritime.fr\/fr\/wp-json\/wp\/v2\/pages\/12471","targetHints":{"allow":["GET"]}}],"collection":[{"href":"https:\/\/www.euromaritime.fr\/fr\/wp-json\/wp\/v2\/pages"}],"about":[{"href":"https:\/\/www.euromaritime.fr\/fr\/wp-json\/wp\/v2\/types\/page"}],"author":[{"embeddable":true,"href":"https:\/\/www.euromaritime.fr\/fr\/wp-json\/wp\/v2\/users\/1"}],"replies":[{"embeddable":true,"href":"https:\/\/www.euromaritime.fr\/fr\/wp-json\/wp\/v2\/comments?post=12471"}],"version-history":[{"count":0,"href":"https:\/\/www.euromaritime.fr\/fr\/wp-json\/wp\/v2\/pages\/12471\/revisions"}],"wp:attachment":[{"href":"https:\/\/www.euromaritime.fr\/fr\/wp-json\/wp\/v2\/media?parent=12471"}],"curies":[{"name":"wp","href":"https:\/\/api.w.org\/{rel}","templated":true}]}}