{"id":19826,"date":"2026-01-26T09:45:19","date_gmt":"2026-01-26T08:45:19","guid":{"rendered":"https:\/\/www.euromaritime.fr\/intervenants-2026\/"},"modified":"2026-01-26T10:30:14","modified_gmt":"2026-01-26T09:30:14","slug":"intervenants-2026","status":"publish","type":"page","link":"https:\/\/www.euromaritime.fr\/fr\/intervenants-2026\/","title":{"rendered":"Intervenants 2026"},"content":{"rendered":"\t\t<div data-elementor-type=\"wp-page\" data-elementor-id=\"19826\" class=\"elementor elementor-19826 elementor-19817\" data-elementor-settings=\"{&quot;ha_cmc_init_switcher&quot;:&quot;no&quot;}\" data-elementor-post-type=\"page\">\n\t\t\t\t<div data-particle_enable=\"false\" data-particle-mobile-disabled=\"false\" class=\"elementor-element elementor-element-26c65ee e-con-full e-flex e-con e-parent\" data-id=\"26c65ee\" data-element_type=\"container\" data-e-type=\"container\" data-settings=\"{&quot;_ha_eqh_enable&quot;:false}\">\n\t\t\t\t<div class=\"elementor-element elementor-element-0bbd3d9 elementor-widget elementor-widget-html\" data-id=\"0bbd3d9\" data-element_type=\"widget\" data-e-type=\"widget\" data-widget_type=\"html.default\">\n\t\t\t\t<div class=\"elementor-widget-container\">\n\t\t\t\t\t\n<iframe id=\"iframeFullScreen\" src=\"https:\/\/euromaritime.finderr.cloud\/welcome-conf-speaker?lang=fr\" class=\"iframe-fullscreen\" style=\"height: 100vh; width: 100%;\" scrolling=\"yes\"><\/iframe>   \t\t\t\t<\/div>\n\t\t\t\t<\/div>\n\t\t\t\t<\/div>\n\t\t\t\t<\/div>\n\t\t","protected":false},"excerpt":{"rendered":"","protected":false},"author":1,"featured_media":0,"parent":0,"menu_order":0,"comment_status":"closed","ping_status":"closed","template":"","meta":{"_acf_changed":false,"footnotes":"","_links_to":"","_links_to_target":""},"class_list":["post-19826","page","type-page","status-publish","hentry"],"acf":[],"yoast_head":"<!-- This site is optimized with the Yoast SEO plugin v27.1.1 - https:\/\/yoast.com\/product\/yoast-seo-wordpress\/ -->\n<title>Euromaritime - Conferences speakers 2026<\/title>\n<meta name=\"description\" content=\"D\u00e9couvrez les conf\u00e9rences anim\u00e9es par des experts lors de l&#039;\u00e9dition 2026, notamment Eric BANEL, Fr\u00e9d\u00e9ric MONCANY DE SAINT AIGNAN, Pierre-Eric POMMELLET et d&#039;autres leaders du secteur maritime, de l&#039;aquaculture et du transport maritime. Ne manquez pas leurs id\u00e9es et leurs connaissances !\" \/>\n<meta name=\"robots\" content=\"index, follow, max-snippet:-1, max-image-preview:large, max-video-preview:-1\" \/>\n<link rel=\"canonical\" href=\"https:\/\/www.euromaritime.fr\/fr\/intervenants-2026\/\" \/>\n<meta property=\"og:locale\" content=\"fr_FR\" \/>\n<meta property=\"og:type\" content=\"article\" \/>\n<meta property=\"og:title\" content=\"Euromaritime - Conferences speakers 2026\" \/>\n<meta property=\"og:description\" content=\"D\u00e9couvrez les conf\u00e9rences anim\u00e9es par des experts lors de l&#039;\u00e9dition 2026, notamment Eric BANEL, Fr\u00e9d\u00e9ric MONCANY DE SAINT AIGNAN, Pierre-Eric POMMELLET et d&#039;autres leaders du secteur maritime, de l&#039;aquaculture et du transport maritime. Ne manquez pas leurs id\u00e9es et leurs connaissances !\" \/>\n<meta property=\"og:url\" content=\"https:\/\/www.euromaritime.fr\/fr\/intervenants-2026\/\" \/>\n<meta property=\"og:site_name\" content=\"Euromaritime\" \/>\n<meta property=\"article:modified_time\" content=\"2026-01-26T09:30:14+00:00\" \/>\n<meta name=\"twitter:card\" content=\"summary_large_image\" \/>\n<meta name=\"twitter:site\" content=\"@Euromaritime22\" \/>\n<script type=\"application\/ld+json\" class=\"yoast-schema-graph\">{\"@context\":\"https:\/\/schema.org\",\"@graph\":[{\"@type\":\"WebPage\",\"@id\":\"https:\/\/www.euromaritime.fr\/fr\/intervenants-2026\/\",\"url\":\"https:\/\/www.euromaritime.fr\/fr\/intervenants-2026\/\",\"name\":\"Euromaritime - Conferences speakers 2026\",\"isPartOf\":{\"@id\":\"https:\/\/www.euromaritime.fr\/#website\"},\"datePublished\":\"2026-01-26T08:45:19+00:00\",\"dateModified\":\"2026-01-26T09:30:14+00:00\",\"description\":\"D\u00e9couvrez les conf\u00e9rences anim\u00e9es par des experts lors de l'\u00e9dition 2026, notamment Eric BANEL, Fr\u00e9d\u00e9ric MONCANY DE SAINT AIGNAN, Pierre-Eric POMMELLET et d'autres leaders du secteur maritime, de l'aquaculture et du transport maritime. Ne manquez pas leurs id\u00e9es et leurs connaissances !\",\"breadcrumb\":{\"@id\":\"https:\/\/www.euromaritime.fr\/fr\/intervenants-2026\/#breadcrumb\"},\"inLanguage\":\"fr-FR\",\"potentialAction\":[{\"@type\":\"ReadAction\",\"target\":[\"https:\/\/www.euromaritime.fr\/fr\/intervenants-2026\/\"]}]},{\"@type\":\"BreadcrumbList\",\"@id\":\"https:\/\/www.euromaritime.fr\/fr\/intervenants-2026\/#breadcrumb\",\"itemListElement\":[{\"@type\":\"ListItem\",\"position\":1,\"name\":\"Accueil\",\"item\":\"https:\/\/www.euromaritime.fr\/fr\/accueil2026\/\"},{\"@type\":\"ListItem\",\"position\":2,\"name\":\"Intervenants 2026\"}]},{\"@type\":\"WebSite\",\"@id\":\"https:\/\/www.euromaritime.fr\/#website\",\"url\":\"https:\/\/www.euromaritime.fr\/\",\"name\":\"Euromaritime\",\"description\":\"Trade fair for an innovative marine industry\",\"publisher\":{\"@id\":\"https:\/\/www.euromaritime.fr\/#organization\"},\"potentialAction\":[{\"@type\":\"SearchAction\",\"target\":{\"@type\":\"EntryPoint\",\"urlTemplate\":\"https:\/\/www.euromaritime.fr\/?s={search_term_string}\"},\"query-input\":{\"@type\":\"PropertyValueSpecification\",\"valueRequired\":true,\"valueName\":\"search_term_string\"}}],\"inLanguage\":\"fr-FR\"},{\"@type\":\"Organization\",\"@id\":\"https:\/\/www.euromaritime.fr\/#organization\",\"name\":\"Euromaritime\",\"url\":\"https:\/\/www.euromaritime.fr\/\",\"logo\":{\"@type\":\"ImageObject\",\"inLanguage\":\"fr-FR\",\"@id\":\"https:\/\/www.euromaritime.fr\/#\/schema\/logo\/image\/\",\"url\":\"https:\/\/www.euromaritime.fr\/wp-content\/uploads\/2023\/02\/euromaritime-logo-dark.svg\",\"contentUrl\":\"https:\/\/www.euromaritime.fr\/wp-content\/uploads\/2023\/02\/euromaritime-logo-dark.svg\",\"caption\":\"Euromaritime\"},\"image\":{\"@id\":\"https:\/\/www.euromaritime.fr\/#\/schema\/logo\/image\/\"},\"sameAs\":[\"https:\/\/x.com\/Euromaritime22\",\"https:\/\/www.linkedin.com\/company\/euromaritime\/\",\"https:\/\/www.youtube.com\/@euromaritime5954\"]}]}<\/script>\n<!-- \/ Yoast SEO plugin. -->","yoast_head_json":{"title":"Euromaritime - Conferences speakers 2026","description":"D\u00e9couvrez les conf\u00e9rences anim\u00e9es par des experts lors de l'\u00e9dition 2026, notamment Eric BANEL, Fr\u00e9d\u00e9ric MONCANY DE SAINT AIGNAN, Pierre-Eric POMMELLET et d'autres leaders du secteur maritime, de l'aquaculture et du transport maritime. Ne manquez pas leurs id\u00e9es et leurs connaissances !","robots":{"index":"index","follow":"follow","max-snippet":"max-snippet:-1","max-image-preview":"max-image-preview:large","max-video-preview":"max-video-preview:-1"},"canonical":"https:\/\/www.euromaritime.fr\/fr\/intervenants-2026\/","og_locale":"fr_FR","og_type":"article","og_title":"Euromaritime - Conferences speakers 2026","og_description":"D\u00e9couvrez les conf\u00e9rences anim\u00e9es par des experts lors de l'\u00e9dition 2026, notamment Eric BANEL, Fr\u00e9d\u00e9ric MONCANY DE SAINT AIGNAN, Pierre-Eric POMMELLET et d'autres leaders du secteur maritime, de l'aquaculture et du transport maritime. Ne manquez pas leurs id\u00e9es et leurs connaissances !","og_url":"https:\/\/www.euromaritime.fr\/fr\/intervenants-2026\/","og_site_name":"Euromaritime","article_modified_time":"2026-01-26T09:30:14+00:00","twitter_card":"summary_large_image","twitter_site":"@Euromaritime22","schema":{"@context":"https:\/\/schema.org","@graph":[{"@type":"WebPage","@id":"https:\/\/www.euromaritime.fr\/fr\/intervenants-2026\/","url":"https:\/\/www.euromaritime.fr\/fr\/intervenants-2026\/","name":"Euromaritime - Conferences speakers 2026","isPartOf":{"@id":"https:\/\/www.euromaritime.fr\/#website"},"datePublished":"2026-01-26T08:45:19+00:00","dateModified":"2026-01-26T09:30:14+00:00","description":"D\u00e9couvrez les conf\u00e9rences anim\u00e9es par des experts lors de l'\u00e9dition 2026, notamment Eric BANEL, Fr\u00e9d\u00e9ric MONCANY DE SAINT AIGNAN, Pierre-Eric POMMELLET et d'autres leaders du secteur maritime, de l'aquaculture et du transport maritime. Ne manquez pas leurs id\u00e9es et leurs connaissances !","breadcrumb":{"@id":"https:\/\/www.euromaritime.fr\/fr\/intervenants-2026\/#breadcrumb"},"inLanguage":"fr-FR","potentialAction":[{"@type":"ReadAction","target":["https:\/\/www.euromaritime.fr\/fr\/intervenants-2026\/"]}]},{"@type":"BreadcrumbList","@id":"https:\/\/www.euromaritime.fr\/fr\/intervenants-2026\/#breadcrumb","itemListElement":[{"@type":"ListItem","position":1,"name":"Accueil","item":"https:\/\/www.euromaritime.fr\/fr\/accueil2026\/"},{"@type":"ListItem","position":2,"name":"Intervenants 2026"}]},{"@type":"WebSite","@id":"https:\/\/www.euromaritime.fr\/#website","url":"https:\/\/www.euromaritime.fr\/","name":"Euromaritime","description":"Trade fair for an innovative marine industry","publisher":{"@id":"https:\/\/www.euromaritime.fr\/#organization"},"potentialAction":[{"@type":"SearchAction","target":{"@type":"EntryPoint","urlTemplate":"https:\/\/www.euromaritime.fr\/?s={search_term_string}"},"query-input":{"@type":"PropertyValueSpecification","valueRequired":true,"valueName":"search_term_string"}}],"inLanguage":"fr-FR"},{"@type":"Organization","@id":"https:\/\/www.euromaritime.fr\/#organization","name":"Euromaritime","url":"https:\/\/www.euromaritime.fr\/","logo":{"@type":"ImageObject","inLanguage":"fr-FR","@id":"https:\/\/www.euromaritime.fr\/#\/schema\/logo\/image\/","url":"https:\/\/www.euromaritime.fr\/wp-content\/uploads\/2023\/02\/euromaritime-logo-dark.svg","contentUrl":"https:\/\/www.euromaritime.fr\/wp-content\/uploads\/2023\/02\/euromaritime-logo-dark.svg","caption":"Euromaritime"},"image":{"@id":"https:\/\/www.euromaritime.fr\/#\/schema\/logo\/image\/"},"sameAs":["https:\/\/x.com\/Euromaritime22","https:\/\/www.linkedin.com\/company\/euromaritime\/","https:\/\/www.youtube.com\/@euromaritime5954"]}]}},"_links":{"self":[{"href":"https:\/\/www.euromaritime.fr\/fr\/wp-json\/wp\/v2\/pages\/19826","targetHints":{"allow":["GET"]}}],"collection":[{"href":"https:\/\/www.euromaritime.fr\/fr\/wp-json\/wp\/v2\/pages"}],"about":[{"href":"https:\/\/www.euromaritime.fr\/fr\/wp-json\/wp\/v2\/types\/page"}],"author":[{"embeddable":true,"href":"https:\/\/www.euromaritime.fr\/fr\/wp-json\/wp\/v2\/users\/1"}],"replies":[{"embeddable":true,"href":"https:\/\/www.euromaritime.fr\/fr\/wp-json\/wp\/v2\/comments?post=19826"}],"version-history":[{"count":1,"href":"https:\/\/www.euromaritime.fr\/fr\/wp-json\/wp\/v2\/pages\/19826\/revisions"}],"predecessor-version":[{"id":19827,"href":"https:\/\/www.euromaritime.fr\/fr\/wp-json\/wp\/v2\/pages\/19826\/revisions\/19827"}],"wp:attachment":[{"href":"https:\/\/www.euromaritime.fr\/fr\/wp-json\/wp\/v2\/media?parent=19826"}],"curies":[{"name":"wp","href":"https:\/\/api.w.org\/{rel}","templated":true}]}}