{"id":2907,"date":"2023-03-02T17:17:52","date_gmt":"2023-03-02T16:17:52","guid":{"rendered":"https:\/\/rcpt.euromaritime.fr\/infos-pratiques\/hebergement\/"},"modified":"2026-01-23T14:01:06","modified_gmt":"2026-01-23T13:01:06","slug":"hebergement","status":"publish","type":"page","link":"https:\/\/www.euromaritime.fr\/fr\/infos-pratiques\/hebergement\/","title":{"rendered":"H\u00e9bergement"},"content":{"rendered":"\t\t<div data-elementor-type=\"wp-page\" data-elementor-id=\"2907\" class=\"elementor elementor-2907 elementor-1908\" data-elementor-settings=\"{&quot;ha_cmc_init_switcher&quot;:&quot;no&quot;}\" data-elementor-post-type=\"page\">\n\t\t\t\t<div data-particle_enable=\"false\" data-particle-mobile-disabled=\"false\" class=\"elementor-element elementor-element-cce0578 e-con-full e-flex e-con e-parent\" data-id=\"cce0578\" data-element_type=\"container\" data-e-type=\"container\" data-settings=\"{&quot;_ha_eqh_enable&quot;:false}\">\n\t\t\t\t<\/div>\n\t\t<div data-particle_enable=\"false\" data-particle-mobile-disabled=\"false\" class=\"elementor-element elementor-element-0a81ee4 e-con-full e-flex e-con e-parent\" data-id=\"0a81ee4\" data-element_type=\"container\" data-e-type=\"container\" data-settings=\"{&quot;_ha_eqh_enable&quot;:false}\">\n\t\t<div data-particle_enable=\"false\" data-particle-mobile-disabled=\"false\" class=\"elementor-element elementor-element-8990cf3 e-flex e-con-boxed e-con e-child\" data-id=\"8990cf3\" data-element_type=\"container\" data-e-type=\"container\" data-settings=\"{&quot;_ha_eqh_enable&quot;:false}\">\n\t\t\t\t\t<div class=\"e-con-inner\">\n\t\t<div data-particle_enable=\"false\" data-particle-mobile-disabled=\"false\" class=\"elementor-element elementor-element-69c8d7c e-con-full e-flex e-con e-child\" data-id=\"69c8d7c\" data-element_type=\"container\" data-e-type=\"container\" data-settings=\"{&quot;_ha_eqh_enable&quot;:false}\">\n\t\t\t\t<div class=\"elementor-element elementor-element-933d291 elementor-widget elementor-widget-text-editor\" data-id=\"933d291\" data-element_type=\"widget\" data-e-type=\"widget\" data-widget_type=\"text-editor.default\">\n\t\t\t\t<div class=\"elementor-widget-container\">\n\t\t\t\t\t\t\t\t\t<p><strong>Partenaire officiel<\/strong><\/p>\t\t\t\t\t\t\t\t<\/div>\n\t\t\t\t<\/div>\n\t\t\t\t<div class=\"elementor-element elementor-element-fec00c3 elementor-widget elementor-widget-image\" data-id=\"fec00c3\" data-element_type=\"widget\" data-e-type=\"widget\" data-widget_type=\"image.default\">\n\t\t\t\t<div class=\"elementor-widget-container\">\n\t\t\t\t\t\t\t\t\t\t\t\t\t\t\t<img decoding=\"async\" width=\"300\" height=\"73\" src=\"https:\/\/www.euromaritime.fr\/wp-content\/uploads\/2025\/04\/revolugo.jpg\" class=\"attachment-large size-large wp-image-17013\" alt=\"revolugo\" \/>\t\t\t\t\t\t\t\t\t\t\t\t\t\t\t<\/div>\n\t\t\t\t<\/div>\n\t\t\t\t<div class=\"elementor-element elementor-element-6558089 elementor-widget elementor-widget-button\" data-id=\"6558089\" data-element_type=\"widget\" data-e-type=\"widget\" data-widget_type=\"button.default\">\n\t\t\t\t<div class=\"elementor-widget-container\">\n\t\t\t\t\t\t\t\t\t<div class=\"elementor-button-wrapper\">\n\t\t\t\t\t<a class=\"elementor-button elementor-button-link elementor-size-sm\" href=\"https:\/\/platform.revolugo.com\/hotels?wid=euromaritime-2026\" target=\"_blank\">\n\t\t\t\t\t\t<span class=\"elementor-button-content-wrapper\">\n\t\t\t\t\t\t\t\t\t<span class=\"elementor-button-text\">R\u00e9servez votre h\u00f4tel maintenant<\/span>\n\t\t\t\t\t<\/span>\n\t\t\t\t\t<\/a>\n\t\t\t\t<\/div>\n\t\t\t\t\t\t\t\t<\/div>\n\t\t\t\t<\/div>\n\t\t\t\t<div class=\"elementor-element elementor-element-4b5c8cc elementor-widget elementor-widget-text-editor\" data-id=\"4b5c8cc\" data-element_type=\"widget\" data-e-type=\"widget\" data-widget_type=\"text-editor.default\">\n\t\t\t\t<div class=\"elementor-widget-container\">\n\t\t\t\t\t\t\t\t\t<p>EUROMARTIME 2026 a d\u00e9sign\u00e9 <a href=\"https:\/\/platform.revolugo.com\/fr\/hotels?wid=euromaritime-2026\" target=\"_blank\" rel=\"noopener\">Revolugo<\/a><strong> <\/strong>comme l\u2019agence de voyage officielle pour les participants de l\u2019\u00e9dition EUROMARITIME 2026.<\/p><p>Revolugo est l\u2019agence de voyage partenaire officielle du salon EUROMARITIME 2026.<\/p><p>L\u2019agence, permet aux personnes en d\u00e9placement professionnel de trouver rapidement et facilement des logements partout dans le monde. A l\u2019occasion du salon de l\u2019\u00e9conomie bleue, ils proposent un large choix d\u2019h\u00e9bergements \u00e0 des tarifs sp\u00e9cialement n\u00e9goci\u00e9s proches du Parc d\u2019exposition de Marseille Chanot et partout dans Marseille : des appartements, aux auberges en passant par les h\u00f4tels de luxe 5 \u00e9toiles. <\/p><p>Avec notre partenaire, vous serez garantie que votre r\u00e9servation d\u2019h\u00f4tel, vos donn\u00e9es et informations personnelles seront prot\u00e9g\u00e9es et s\u00e9curis\u00e9es.<\/p><p>R\u00e9servez d\u00e8s que possible afin de b\u00e9n\u00e9ficier de tarifs sp\u00e9cialement n\u00e9goci\u00e9s via <a href=\"https:\/\/platform.revolugo.com\/fr\/hotels?wid=euromaritime-2026\" target=\"_blank\" rel=\"noopener\">le portail Revolugo<\/a>.<\/p>\t\t\t\t\t\t\t\t<\/div>\n\t\t\t\t<\/div>\n\t\t\t\t<div class=\"elementor-element elementor-element-7164379 elementor-widget elementor-widget-button\" data-id=\"7164379\" data-element_type=\"widget\" data-e-type=\"widget\" data-widget_type=\"button.default\">\n\t\t\t\t<div class=\"elementor-widget-container\">\n\t\t\t\t\t\t\t\t\t<div class=\"elementor-button-wrapper\">\n\t\t\t\t\t<a class=\"elementor-button elementor-button-link elementor-size-sm\" href=\"https:\/\/platform.revolugo.com\/hotels?wid=euromaritime-2026\" target=\"_blank\">\n\t\t\t\t\t\t<span class=\"elementor-button-content-wrapper\">\n\t\t\t\t\t\t\t\t\t<span class=\"elementor-button-text\">R\u00e9servez votre h\u00f4tel maintenant<\/span>\n\t\t\t\t\t<\/span>\n\t\t\t\t\t<\/a>\n\t\t\t\t<\/div>\n\t\t\t\t\t\t\t\t<\/div>\n\t\t\t\t<\/div>\n\t\t\t\t<\/div>\n\t\t<div data-particle_enable=\"false\" data-particle-mobile-disabled=\"false\" class=\"elementor-element elementor-element-63b235e e-con-full e-flex e-con e-child\" data-id=\"63b235e\" data-element_type=\"container\" data-e-type=\"container\" data-settings=\"{&quot;_ha_eqh_enable&quot;:false}\">\n\t\t\t\t<div class=\"elementor-element elementor-element-925ff87 elementor-invisible elementor-widget elementor-widget-heading\" data-id=\"925ff87\" data-element_type=\"widget\" data-e-type=\"widget\" data-settings=\"{&quot;_animation&quot;:&quot;fadeIn&quot;,&quot;_animation_delay&quot;:&quot;200&quot;}\" data-widget_type=\"heading.default\">\n\t\t\t\t<div class=\"elementor-widget-container\">\n\t\t\t\t\t<h3 class=\"elementor-heading-title elementor-size-default\">Informations pratiques<\/h3>\t\t\t\t<\/div>\n\t\t\t\t<\/div>\n\t\t\t\t<div class=\"elementor-element elementor-element-602f6df elementor-widget elementor-widget-text-editor\" data-id=\"602f6df\" data-element_type=\"widget\" data-e-type=\"widget\" data-widget_type=\"text-editor.default\">\n\t\t\t\t<div class=\"elementor-widget-container\">\n\t\t\t\t\t\t\t\t\t<p>Pour toute demande d\u2019assistance suppl\u00e9mentaire ou pour les r\u00e9servations de groupe, contactez le chef de projet d\u00e9di\u00e9 :<br>email : <a href=\"mailto:reservations@revolugo.com\">reservations@revolugo.com<br><\/a>T\u00e9l : <a href=\"tel:+33180066288\">+33 (0)1 80 06 62 88<\/a> (sans frais \u2013 de 9h \u00e0 19h)<\/p>\t\t\t\t\t\t\t\t<\/div>\n\t\t\t\t<\/div>\n\t\t\t\t<div class=\"elementor-element elementor-element-ab69218 elementor-invisible elementor-widget elementor-widget-heading\" data-id=\"ab69218\" data-element_type=\"widget\" data-e-type=\"widget\" data-settings=\"{&quot;_animation&quot;:&quot;fadeIn&quot;,&quot;_animation_delay&quot;:&quot;200&quot;}\" data-widget_type=\"heading.default\">\n\t\t\t\t<div class=\"elementor-widget-container\">\n\t\t\t\t\t<h3 class=\"elementor-heading-title elementor-size-default\">Mise en garde face aux arnaques au logement<\/h3>\t\t\t\t<\/div>\n\t\t\t\t<\/div>\n\t\t\t\t<div class=\"elementor-element elementor-element-ad39779 elementor-widget elementor-widget-text-editor\" data-id=\"ad39779\" data-element_type=\"widget\" data-e-type=\"widget\" data-widget_type=\"text-editor.default\">\n\t\t\t\t<div class=\"elementor-widget-container\">\n\t\t\t\t\t\t\t\t\t<p>Comme chaque ann\u00e9e malheureusement, de nombreuses soci\u00e9t\u00e9s frauduleuses ou revendeurs d\u2019h\u00f4tels tentent de solliciter les participants du salon EUROMARITIME, en se pr\u00e9sentant comme partenaire ou affili\u00e9 du salon, offrant des tarifs n\u00e9goci\u00e9s et r\u00e9ductions sur les h\u00f4tels. Nous vous recommandons fortement de r\u00e9server uniquement par l\u2019interm\u00e9diaire de <a href=\"https:\/\/platform.revolugo.com\/fr\/hotels?wid=euromaritime-2026\" target=\"_blank\" rel=\"noopener\">notre unique agence officielle Revolugo.<\/a> <\/p>\t\t\t\t\t\t\t\t<\/div>\n\t\t\t\t<\/div>\n\t\t\t\t<div class=\"elementor-element elementor-element-3e392f9 elementor-invisible elementor-widget elementor-widget-heading\" data-id=\"3e392f9\" data-element_type=\"widget\" data-e-type=\"widget\" data-settings=\"{&quot;_animation&quot;:&quot;fadeIn&quot;,&quot;_animation_delay&quot;:&quot;200&quot;}\" data-widget_type=\"heading.default\">\n\t\t\t\t<div class=\"elementor-widget-container\">\n\t\t\t\t\t<h3 class=\"elementor-heading-title elementor-size-default\">Comment fonctionnent ces fraudes?<\/h3>\t\t\t\t<\/div>\n\t\t\t\t<\/div>\n\t\t\t\t<div class=\"elementor-element elementor-element-7177809 elementor-widget elementor-widget-text-editor\" data-id=\"7177809\" data-element_type=\"widget\" data-e-type=\"widget\" data-widget_type=\"text-editor.default\">\n\t\t\t\t<div class=\"elementor-widget-container\">\n\t\t\t\t\t\t\t\t\t<p>Vous recevrez sans doute dans les prochains mois des emails de la part d\u2019agents ou revendeurs offrant des tarifs n\u00e9goci\u00e9s sur les h\u00f4tels pour votre venue \u00e0 Paris. Certaines soci\u00e9t\u00e9s apposent le logo et nom du salon EUROMARITIME pour vous induire en erreur, en se faisant passer comme un partenaire l\u00e9gitime.<br>Nous vous recommandons donc de vous adresser uniquement \u00e0 notre partenaire officiel et \u00e9viter ces fraudes.<br>Ces soci\u00e9t\u00e9s, vous demanderont un paiement ou acompte pour b\u00e9n\u00e9ficier de leurs tarifs. En d\u00e9cidant de faire appel \u00e0 ces agences non affili\u00e9es au salon EUROMARITIME, vous prenez le risque de r\u00e9server sans garantie et serez susceptible de perdre de l\u2019argent sur ces r\u00e9servations.<br>Nous ne pouvons vous assurer que ces r\u00e9servations soient effectives.<br>Merci de bien vouloir effectuer vos r\u00e9servations d\u2019h\u00f4tels directement via le portail Revolugo, en cliquant sur le lien de r\u00e9servation <a href=\"https:\/\/platform.revolugo.com\/fr\/hotels?wid=euromaritime-2026\" target=\"_blank\" rel=\"noopener\">ici<\/a>.<br>Pour toute question relative \u00e0 votre voyage, merci de contacter <a href=\"mailto:reservations@revolugo.com\">reservations@revolugo.com<\/a>.  <\/p>\t\t\t\t\t\t\t\t<\/div>\n\t\t\t\t<\/div>\n\t\t\t\t<div class=\"elementor-element elementor-element-88b273d elementor-invisible elementor-widget elementor-widget-heading\" data-id=\"88b273d\" data-element_type=\"widget\" data-e-type=\"widget\" data-settings=\"{&quot;_animation&quot;:&quot;fadeIn&quot;,&quot;_animation_delay&quot;:&quot;200&quot;}\" data-widget_type=\"heading.default\">\n\t\t\t\t<div class=\"elementor-widget-container\">\n\t\t\t\t\t<h3 class=\"elementor-heading-title elementor-size-default\">Eviter la fraude<\/h3>\t\t\t\t<\/div>\n\t\t\t\t<\/div>\n\t\t\t\t<div class=\"elementor-element elementor-element-d4e5d06 elementor-widget elementor-widget-text-editor\" data-id=\"d4e5d06\" data-element_type=\"widget\" data-e-type=\"widget\" data-widget_type=\"text-editor.default\">\n\t\t\t\t<div class=\"elementor-widget-container\">\n\t\t\t\t\t\t\t\t\t<ul><li>Book through our Official Housing Partner, <a href=\"https:\/\/platform.revolugo.com\/fr\/hotels?wid=euromaritime-2026\" target=\"_blank\" rel=\"noopener\">Revolugo<\/a>. Revolugo is a trusted travel agent working with the biggest exhibition organizers worldwide.<\/li><li>Si vous \u00eates d\u00e9march\u00e9, ne prenez pas en compte ces sollicitations externes, m\u00eame si le nom\/logo EUROMARITIME sont utilis\u00e9s ils ne t\u00e9moignent pas d\u2019une collaboration. La seule plateforme agr\u00e9\u00e9e et partenaire du salon EUROMARITIME, autoris\u00e9e \u00e0 utiliser ce contenu est l\u2019agence Revolugo. <\/li><li>Si vous choisissez une autre agence de voyage, prenez en compte leur r\u00e9putation et leur historique de paiement avant de prendre votre d\u00e9cision.<\/li><\/ul>\t\t\t\t\t\t\t\t<\/div>\n\t\t\t\t<\/div>\n\t\t\t\t<\/div>\n\t\t\t\t\t<\/div>\n\t\t\t\t<\/div>\n\t\t\t\t<\/div>\n\t\t<div data-particle_enable=\"false\" data-particle-mobile-disabled=\"false\" class=\"elementor-element elementor-element-b3914e6 e-flex e-con-boxed e-con e-parent\" data-id=\"b3914e6\" data-element_type=\"container\" data-e-type=\"container\" data-settings=\"{&quot;_ha_eqh_enable&quot;:false}\">\n\t\t\t\t\t<div class=\"e-con-inner\">\n\t\t\t\t<div class=\"elementor-element elementor-element-82c32df elementor-widget elementor-widget-html\" data-id=\"82c32df\" data-element_type=\"widget\" data-e-type=\"widget\" data-widget_type=\"html.default\">\n\t\t\t\t<div class=\"elementor-widget-container\">\n\t\t\t\t\t<iframe id=\"inlineFrameExample\" title=\"Inline Frame Example\" width=\"300\" height=\"600\" src=\"https:\/\/platform.revolugo.com\/fr\/hotels?wid=euromaritime-2026&amp;adultCount=1&amp;roomCount=1&amp;sourceMarket=FR&amp;checkInDate=2026-02-03&amp;checkOutDate=2026-02-04\">\n<\/iframe>\t\t\t\t<\/div>\n\t\t\t\t<\/div>\n\t\t\t\t\t<\/div>\n\t\t\t\t<\/div>\n\t\t\t\t<\/div>\n\t\t","protected":false},"excerpt":{"rendered":"<p>Partenaire officiel R\u00e9servez votre h\u00f4tel maintenant EUROMARTIME 2026 a d\u00e9sign\u00e9 Revolugo comme l\u2019agence de voyage officielle pour les participants de l\u2019\u00e9dition EUROMARITIME 2026. Revolugo est l\u2019agence de voyage partenaire officielle du salon EUROMARITIME 2026. L\u2019agence, permet aux personnes en d\u00e9placement professionnel de trouver rapidement et facilement des logements partout dans le monde. A l\u2019occasion du [&hellip;]<\/p>\n","protected":false},"author":1,"featured_media":0,"parent":2899,"menu_order":0,"comment_status":"closed","ping_status":"closed","template":"","meta":{"_acf_changed":false,"footnotes":"","_links_to":"","_links_to_target":""},"class_list":["post-2907","page","type-page","status-publish","hentry"],"acf":[],"yoast_head":"<!-- This site is optimized with the Yoast SEO plugin v27.1.1 - https:\/\/yoast.com\/product\/yoast-seo-wordpress\/ -->\n<title>EUROMARITIME - r\u00e9servez votre h\u00e9bergement<\/title>\n<meta name=\"description\" content=\"Simplifiez votre venue \u00e0 EUROMARITIME gr\u00e2ce \u00e0 des h\u00e9bergements \u00e0 tarifs pr\u00e9f\u00e9rentiels via REVOLUGO. Choisissez parmi une gamme d\u2019h\u00f4tels et d\u2019appartements adapt\u00e9s \u00e0 vos besoins, et profitez-en pour d\u00e9couvrir la magnifique r\u00e9gion Provence-Alpes-C\u00f4te d\u2019Azur (PACA) pendant votre s\u00e9jour.\" \/>\n<meta name=\"robots\" content=\"index, follow, max-snippet:-1, max-image-preview:large, max-video-preview:-1\" \/>\n<link rel=\"canonical\" href=\"https:\/\/www.euromaritime.fr\/fr\/infos-pratiques\/hebergement\/\" \/>\n<meta property=\"og:locale\" content=\"fr_FR\" \/>\n<meta property=\"og:type\" content=\"article\" \/>\n<meta property=\"og:title\" content=\"EUROMARITIME - r\u00e9servez votre h\u00e9bergement\" \/>\n<meta property=\"og:description\" content=\"Simplifiez votre venue \u00e0 EUROMARITIME gr\u00e2ce \u00e0 des h\u00e9bergements \u00e0 tarifs pr\u00e9f\u00e9rentiels via REVOLUGO. Choisissez parmi une gamme d\u2019h\u00f4tels et d\u2019appartements adapt\u00e9s \u00e0 vos besoins, et profitez-en pour d\u00e9couvrir la magnifique r\u00e9gion Provence-Alpes-C\u00f4te d\u2019Azur (PACA) pendant votre s\u00e9jour.\" \/>\n<meta property=\"og:url\" content=\"https:\/\/www.euromaritime.fr\/fr\/infos-pratiques\/hebergement\/\" \/>\n<meta property=\"og:site_name\" content=\"Euromaritime\" \/>\n<meta property=\"article:modified_time\" content=\"2026-01-23T13:01:06+00:00\" \/>\n<meta property=\"og:image\" content=\"https:\/\/www.euromaritime.fr\/wp-content\/uploads\/2025\/04\/revolugo.jpg\" \/>\n\t<meta property=\"og:image:width\" content=\"300\" \/>\n\t<meta property=\"og:image:height\" content=\"73\" \/>\n\t<meta property=\"og:image:type\" content=\"image\/jpeg\" \/>\n<meta name=\"twitter:card\" content=\"summary_large_image\" \/>\n<meta name=\"twitter:site\" content=\"@Euromaritime22\" \/>\n<meta name=\"twitter:label1\" content=\"Dur\u00e9e de lecture estim\u00e9e\" \/>\n\t<meta name=\"twitter:data1\" content=\"2 minutes\" \/>\n<script type=\"application\/ld+json\" class=\"yoast-schema-graph\">{\"@context\":\"https:\/\/schema.org\",\"@graph\":[{\"@type\":\"WebPage\",\"@id\":\"https:\/\/www.euromaritime.fr\/fr\/infos-pratiques\/hebergement\/\",\"url\":\"https:\/\/www.euromaritime.fr\/fr\/infos-pratiques\/hebergement\/\",\"name\":\"EUROMARITIME - r\u00e9servez votre h\u00e9bergement\",\"isPartOf\":{\"@id\":\"https:\/\/www.euromaritime.fr\/#website\"},\"primaryImageOfPage\":{\"@id\":\"https:\/\/www.euromaritime.fr\/fr\/infos-pratiques\/hebergement\/#primaryimage\"},\"image\":{\"@id\":\"https:\/\/www.euromaritime.fr\/fr\/infos-pratiques\/hebergement\/#primaryimage\"},\"thumbnailUrl\":\"https:\/\/www.euromaritime.fr\/wp-content\/uploads\/2025\/04\/revolugo.jpg\",\"datePublished\":\"2023-03-02T16:17:52+00:00\",\"dateModified\":\"2026-01-23T13:01:06+00:00\",\"description\":\"Simplifiez votre venue \u00e0 EUROMARITIME gr\u00e2ce \u00e0 des h\u00e9bergements \u00e0 tarifs pr\u00e9f\u00e9rentiels via REVOLUGO. Choisissez parmi une gamme d\u2019h\u00f4tels et d\u2019appartements adapt\u00e9s \u00e0 vos besoins, et profitez-en pour d\u00e9couvrir la magnifique r\u00e9gion Provence-Alpes-C\u00f4te d\u2019Azur (PACA) pendant votre s\u00e9jour.\",\"breadcrumb\":{\"@id\":\"https:\/\/www.euromaritime.fr\/fr\/infos-pratiques\/hebergement\/#breadcrumb\"},\"inLanguage\":\"fr-FR\",\"potentialAction\":[{\"@type\":\"ReadAction\",\"target\":[\"https:\/\/www.euromaritime.fr\/fr\/infos-pratiques\/hebergement\/\"]}]},{\"@type\":\"ImageObject\",\"inLanguage\":\"fr-FR\",\"@id\":\"https:\/\/www.euromaritime.fr\/fr\/infos-pratiques\/hebergement\/#primaryimage\",\"url\":\"https:\/\/www.euromaritime.fr\/wp-content\/uploads\/2025\/04\/revolugo.jpg\",\"contentUrl\":\"https:\/\/www.euromaritime.fr\/wp-content\/uploads\/2025\/04\/revolugo.jpg\"},{\"@type\":\"BreadcrumbList\",\"@id\":\"https:\/\/www.euromaritime.fr\/fr\/infos-pratiques\/hebergement\/#breadcrumb\",\"itemListElement\":[{\"@type\":\"ListItem\",\"position\":1,\"name\":\"Accueil\",\"item\":\"https:\/\/www.euromaritime.fr\/fr\/accueil2026\/\"},{\"@type\":\"ListItem\",\"position\":2,\"name\":\"Infos pratiques\",\"item\":\"https:\/\/www.euromaritime.fr\/fr\/infos-pratiques\/\"},{\"@type\":\"ListItem\",\"position\":3,\"name\":\"H\u00e9bergement\"}]},{\"@type\":\"WebSite\",\"@id\":\"https:\/\/www.euromaritime.fr\/#website\",\"url\":\"https:\/\/www.euromaritime.fr\/\",\"name\":\"Euromaritime\",\"description\":\"Trade fair for an innovative marine industry\",\"publisher\":{\"@id\":\"https:\/\/www.euromaritime.fr\/#organization\"},\"potentialAction\":[{\"@type\":\"SearchAction\",\"target\":{\"@type\":\"EntryPoint\",\"urlTemplate\":\"https:\/\/www.euromaritime.fr\/?s={search_term_string}\"},\"query-input\":{\"@type\":\"PropertyValueSpecification\",\"valueRequired\":true,\"valueName\":\"search_term_string\"}}],\"inLanguage\":\"fr-FR\"},{\"@type\":\"Organization\",\"@id\":\"https:\/\/www.euromaritime.fr\/#organization\",\"name\":\"Euromaritime\",\"url\":\"https:\/\/www.euromaritime.fr\/\",\"logo\":{\"@type\":\"ImageObject\",\"inLanguage\":\"fr-FR\",\"@id\":\"https:\/\/www.euromaritime.fr\/#\/schema\/logo\/image\/\",\"url\":\"https:\/\/www.euromaritime.fr\/wp-content\/uploads\/2023\/02\/euromaritime-logo-dark.svg\",\"contentUrl\":\"https:\/\/www.euromaritime.fr\/wp-content\/uploads\/2023\/02\/euromaritime-logo-dark.svg\",\"caption\":\"Euromaritime\"},\"image\":{\"@id\":\"https:\/\/www.euromaritime.fr\/#\/schema\/logo\/image\/\"},\"sameAs\":[\"https:\/\/x.com\/Euromaritime22\",\"https:\/\/www.linkedin.com\/company\/euromaritime\/\",\"https:\/\/www.youtube.com\/@euromaritime5954\"]}]}<\/script>\n<!-- \/ Yoast SEO plugin. -->","yoast_head_json":{"title":"EUROMARITIME - r\u00e9servez votre h\u00e9bergement","description":"Simplifiez votre venue \u00e0 EUROMARITIME gr\u00e2ce \u00e0 des h\u00e9bergements \u00e0 tarifs pr\u00e9f\u00e9rentiels via REVOLUGO. Choisissez parmi une gamme d\u2019h\u00f4tels et d\u2019appartements adapt\u00e9s \u00e0 vos besoins, et profitez-en pour d\u00e9couvrir la magnifique r\u00e9gion Provence-Alpes-C\u00f4te d\u2019Azur (PACA) pendant votre s\u00e9jour.","robots":{"index":"index","follow":"follow","max-snippet":"max-snippet:-1","max-image-preview":"max-image-preview:large","max-video-preview":"max-video-preview:-1"},"canonical":"https:\/\/www.euromaritime.fr\/fr\/infos-pratiques\/hebergement\/","og_locale":"fr_FR","og_type":"article","og_title":"EUROMARITIME - r\u00e9servez votre h\u00e9bergement","og_description":"Simplifiez votre venue \u00e0 EUROMARITIME gr\u00e2ce \u00e0 des h\u00e9bergements \u00e0 tarifs pr\u00e9f\u00e9rentiels via REVOLUGO. Choisissez parmi une gamme d\u2019h\u00f4tels et d\u2019appartements adapt\u00e9s \u00e0 vos besoins, et profitez-en pour d\u00e9couvrir la magnifique r\u00e9gion Provence-Alpes-C\u00f4te d\u2019Azur (PACA) pendant votre s\u00e9jour.","og_url":"https:\/\/www.euromaritime.fr\/fr\/infos-pratiques\/hebergement\/","og_site_name":"Euromaritime","article_modified_time":"2026-01-23T13:01:06+00:00","og_image":[{"width":300,"height":73,"url":"https:\/\/www.euromaritime.fr\/wp-content\/uploads\/2025\/04\/revolugo.jpg","type":"image\/jpeg"}],"twitter_card":"summary_large_image","twitter_site":"@Euromaritime22","twitter_misc":{"Dur\u00e9e de lecture estim\u00e9e":"2 minutes"},"schema":{"@context":"https:\/\/schema.org","@graph":[{"@type":"WebPage","@id":"https:\/\/www.euromaritime.fr\/fr\/infos-pratiques\/hebergement\/","url":"https:\/\/www.euromaritime.fr\/fr\/infos-pratiques\/hebergement\/","name":"EUROMARITIME - r\u00e9servez votre h\u00e9bergement","isPartOf":{"@id":"https:\/\/www.euromaritime.fr\/#website"},"primaryImageOfPage":{"@id":"https:\/\/www.euromaritime.fr\/fr\/infos-pratiques\/hebergement\/#primaryimage"},"image":{"@id":"https:\/\/www.euromaritime.fr\/fr\/infos-pratiques\/hebergement\/#primaryimage"},"thumbnailUrl":"https:\/\/www.euromaritime.fr\/wp-content\/uploads\/2025\/04\/revolugo.jpg","datePublished":"2023-03-02T16:17:52+00:00","dateModified":"2026-01-23T13:01:06+00:00","description":"Simplifiez votre venue \u00e0 EUROMARITIME gr\u00e2ce \u00e0 des h\u00e9bergements \u00e0 tarifs pr\u00e9f\u00e9rentiels via REVOLUGO. Choisissez parmi une gamme d\u2019h\u00f4tels et d\u2019appartements adapt\u00e9s \u00e0 vos besoins, et profitez-en pour d\u00e9couvrir la magnifique r\u00e9gion Provence-Alpes-C\u00f4te d\u2019Azur (PACA) pendant votre s\u00e9jour.","breadcrumb":{"@id":"https:\/\/www.euromaritime.fr\/fr\/infos-pratiques\/hebergement\/#breadcrumb"},"inLanguage":"fr-FR","potentialAction":[{"@type":"ReadAction","target":["https:\/\/www.euromaritime.fr\/fr\/infos-pratiques\/hebergement\/"]}]},{"@type":"ImageObject","inLanguage":"fr-FR","@id":"https:\/\/www.euromaritime.fr\/fr\/infos-pratiques\/hebergement\/#primaryimage","url":"https:\/\/www.euromaritime.fr\/wp-content\/uploads\/2025\/04\/revolugo.jpg","contentUrl":"https:\/\/www.euromaritime.fr\/wp-content\/uploads\/2025\/04\/revolugo.jpg"},{"@type":"BreadcrumbList","@id":"https:\/\/www.euromaritime.fr\/fr\/infos-pratiques\/hebergement\/#breadcrumb","itemListElement":[{"@type":"ListItem","position":1,"name":"Accueil","item":"https:\/\/www.euromaritime.fr\/fr\/accueil2026\/"},{"@type":"ListItem","position":2,"name":"Infos pratiques","item":"https:\/\/www.euromaritime.fr\/fr\/infos-pratiques\/"},{"@type":"ListItem","position":3,"name":"H\u00e9bergement"}]},{"@type":"WebSite","@id":"https:\/\/www.euromaritime.fr\/#website","url":"https:\/\/www.euromaritime.fr\/","name":"Euromaritime","description":"Trade fair for an innovative marine industry","publisher":{"@id":"https:\/\/www.euromaritime.fr\/#organization"},"potentialAction":[{"@type":"SearchAction","target":{"@type":"EntryPoint","urlTemplate":"https:\/\/www.euromaritime.fr\/?s={search_term_string}"},"query-input":{"@type":"PropertyValueSpecification","valueRequired":true,"valueName":"search_term_string"}}],"inLanguage":"fr-FR"},{"@type":"Organization","@id":"https:\/\/www.euromaritime.fr\/#organization","name":"Euromaritime","url":"https:\/\/www.euromaritime.fr\/","logo":{"@type":"ImageObject","inLanguage":"fr-FR","@id":"https:\/\/www.euromaritime.fr\/#\/schema\/logo\/image\/","url":"https:\/\/www.euromaritime.fr\/wp-content\/uploads\/2023\/02\/euromaritime-logo-dark.svg","contentUrl":"https:\/\/www.euromaritime.fr\/wp-content\/uploads\/2023\/02\/euromaritime-logo-dark.svg","caption":"Euromaritime"},"image":{"@id":"https:\/\/www.euromaritime.fr\/#\/schema\/logo\/image\/"},"sameAs":["https:\/\/x.com\/Euromaritime22","https:\/\/www.linkedin.com\/company\/euromaritime\/","https:\/\/www.youtube.com\/@euromaritime5954"]}]}},"_links":{"self":[{"href":"https:\/\/www.euromaritime.fr\/fr\/wp-json\/wp\/v2\/pages\/2907","targetHints":{"allow":["GET"]}}],"collection":[{"href":"https:\/\/www.euromaritime.fr\/fr\/wp-json\/wp\/v2\/pages"}],"about":[{"href":"https:\/\/www.euromaritime.fr\/fr\/wp-json\/wp\/v2\/types\/page"}],"author":[{"embeddable":true,"href":"https:\/\/www.euromaritime.fr\/fr\/wp-json\/wp\/v2\/users\/1"}],"replies":[{"embeddable":true,"href":"https:\/\/www.euromaritime.fr\/fr\/wp-json\/wp\/v2\/comments?post=2907"}],"version-history":[{"count":2,"href":"https:\/\/www.euromaritime.fr\/fr\/wp-json\/wp\/v2\/pages\/2907\/revisions"}],"predecessor-version":[{"id":19730,"href":"https:\/\/www.euromaritime.fr\/fr\/wp-json\/wp\/v2\/pages\/2907\/revisions\/19730"}],"up":[{"embeddable":true,"href":"https:\/\/www.euromaritime.fr\/fr\/wp-json\/wp\/v2\/pages\/2899"}],"wp:attachment":[{"href":"https:\/\/www.euromaritime.fr\/fr\/wp-json\/wp\/v2\/media?parent=2907"}],"curies":[{"name":"wp","href":"https:\/\/api.w.org\/{rel}","templated":true}]}}