{"id":2990,"date":"2023-02-28T13:41:23","date_gmt":"2023-02-28T12:41:23","guid":{"rendered":"https:\/\/rcpt.euromaritime.fr\/nos-espaces\/seaprotect\/"},"modified":"2024-01-04T14:20:05","modified_gmt":"2024-01-04T13:20:05","slug":"seaprotect","status":"publish","type":"page","link":"https:\/\/www.euromaritime.fr\/fr\/temps-forts\/seaprotect\/","title":{"rendered":"SEAprotect"},"content":{"rendered":"\t\t<div data-elementor-type=\"wp-page\" data-elementor-id=\"2990\" class=\"elementor elementor-2990 elementor-1096\" data-elementor-settings=\"{&quot;ha_cmc_init_switcher&quot;:&quot;no&quot;}\" data-elementor-post-type=\"page\">\n\t\t\t\t\t\t<section data-particle_enable=\"false\" data-particle-mobile-disabled=\"false\" class=\"elementor-section elementor-top-section elementor-element elementor-element-0c8cbbd elementor-section-full_width elementor-section-height-default elementor-section-height-default\" data-id=\"0c8cbbd\" data-element_type=\"section\" data-e-type=\"section\" data-settings=\"{&quot;_ha_eqh_enable&quot;:false}\">\n\t\t\t\t\t\t<div class=\"elementor-container elementor-column-gap-default\">\n\t\t\t\t\t<div class=\"elementor-column elementor-col-100 elementor-top-column elementor-element elementor-element-99c6a64\" data-id=\"99c6a64\" data-element_type=\"column\" data-e-type=\"column\" data-settings=\"{&quot;background_background&quot;:&quot;classic&quot;}\">\n\t\t\t<div class=\"elementor-widget-wrap elementor-element-populated\">\n\t\t\t\t\t<div class=\"elementor-background-overlay\"><\/div>\n\t\t\t\t\t\t\t<\/div>\n\t\t<\/div>\n\t\t\t\t\t<\/div>\n\t\t<\/section>\n\t\t\t\t<section data-particle_enable=\"false\" data-particle-mobile-disabled=\"false\" class=\"elementor-section elementor-top-section elementor-element elementor-element-3a6a0eb elementor-section-full_width elementor-section-height-default elementor-section-height-default\" data-id=\"3a6a0eb\" data-element_type=\"section\" data-e-type=\"section\" data-settings=\"{&quot;_ha_eqh_enable&quot;:false}\">\n\t\t\t\t\t\t<div class=\"elementor-container elementor-column-gap-default\">\n\t\t\t\t\t<div class=\"elementor-column elementor-col-50 elementor-top-column elementor-element elementor-element-8c034b0\" data-id=\"8c034b0\" data-element_type=\"column\" data-e-type=\"column\">\n\t\t\t<div class=\"elementor-widget-wrap elementor-element-populated\">\n\t\t\t\t\t\t<div class=\"elementor-element elementor-element-79eac5c elementor-widget elementor-widget-text-editor\" data-id=\"79eac5c\" data-element_type=\"widget\" data-e-type=\"widget\" data-widget_type=\"text-editor.default\">\n\t\t\t\t<div class=\"elementor-widget-container\">\n\t\t\t\t\t\t\t\t\t<p>EUROMARITIME 2024 r\u00e9organise l&rsquo;extension de SEAprotect, lanc\u00e9e en 2022, afin de refl\u00e9ter la prise de conscience croissante de la pollution dans les eaux marines et int\u00e9rieures et les mesures prises par les gouvernements, les universit\u00e9s et l&rsquo;industrie.<\/p>\n<p>SEAprotect se concentre sur les actions de d\u00e9pollution n\u00e9cessaires pour la r\u00e9duire et prot\u00e9ger ces zones des plastiques et des pollutions associ\u00e9es mais aussi des hydrocarbures.<\/p>\n<p>La d\u00e9pollution est n\u00e9e des mar\u00e9es noires qui ont \u00e9t\u00e9 ma\u00eetris\u00e9es gr\u00e2ce aux actions combin\u00e9es des gouvernements et des industries.<\/p>\n<p>La communaut\u00e9 internationale se d\u00e9ploie maintenant pour agir face aux nouvelles pollutions produites par les d\u00e9chets plastiques qui p\u00e9n\u00e8trent dans les cours d&rsquo;eau et les mers.<\/p>\n<p>Il s&rsquo;agit d&rsquo;une question vitale, car des dizaines de millions de tonnes de d\u00e9chets plastiques continuent de se d\u00e9verser dans les mers chaque ann\u00e9e, la pollution par les macro et microplastiques atteignant toutes les parties des mers et des zones c\u00f4ti\u00e8res.<\/p>\n<p>SEAprotect invite les acteurs cl\u00e9s du gouvernement, du monde universitaire et de l&rsquo;industrie \u00e0 exposer et \u00e0 participer \u00e0 des d\u00e9bats de haut niveau et \u00e0 des pr\u00e9sentations de conf\u00e9rences afin d&rsquo;illustrer l&rsquo;\u00e9tendue des activit\u00e9s entreprises pour prot\u00e9ger les mers aujourd&rsquo;hui.<\/p>\n\t\t\t\t\t\t\t\t<\/div>\n\t\t\t\t<\/div>\n\t\t\t\t\t<\/div>\n\t\t<\/div>\n\t\t\t\t<div class=\"elementor-column elementor-col-50 elementor-top-column elementor-element elementor-element-343aaae\" data-id=\"343aaae\" data-element_type=\"column\" data-e-type=\"column\">\n\t\t\t<div class=\"elementor-widget-wrap elementor-element-populated\">\n\t\t\t\t\t\t<div class=\"elementor-element elementor-element-2e2ac5d elementor-widget elementor-widget-heading\" data-id=\"2e2ac5d\" data-element_type=\"widget\" data-e-type=\"widget\" data-widget_type=\"heading.default\">\n\t\t\t\t<div class=\"elementor-widget-container\">\n\t\t\t\t\t<h2 class=\"elementor-heading-title elementor-size-default\">Vous souhaitez obtenir plus d'informations sur cet espace ? Contactez-nous<\/h2>\t\t\t\t<\/div>\n\t\t\t\t<\/div>\n\t\t\t\t<div class=\"elementor-element elementor-element-5ce6581 elementor-widget elementor-widget-text-editor\" data-id=\"5ce6581\" data-element_type=\"widget\" data-e-type=\"widget\" data-widget_type=\"text-editor.default\">\n\t\t\t\t<div class=\"elementor-widget-container\">\n\t\t\t\t\t\t\t\t\t<p><span class=\"NormalTextRun SCXW152509933 BCX0\">Vous<\/span> <span class=\"NormalTextRun SpellingErrorV2Themed SCXW152509933 BCX0\">avez<\/span> <span class=\"NormalTextRun SCXW152509933 BCX0\">une<\/span> <span class=\"NormalTextRun SCXW152509933 BCX0\">question sur<\/span> <span class=\"NormalTextRun SpellingErrorV2Themed SCXW152509933 BCX0\">votre<\/span> <span class=\"NormalTextRun SpellingErrorV2Themed SCXW152509933 BCX0\">prochaine<\/span> <span class=\"NormalTextRun SCXW152509933 BCX0\">participation<\/span> <span class=\"NormalTextRun ContextualSpellingAndGrammarErrorV2Themed SCXW152509933 BCX0\">ou<\/span> <span class=\"NormalTextRun SpellingErrorV2Themed SCXW152509933 BCX0\">votre<\/span> <span class=\"NormalTextRun SCXW152509933 BCX0\">future<\/span> <span class=\"NormalTextRun SpellingErrorV2Themed SCXW152509933 BCX0\">visite<\/span> ?<span class=\"NormalTextRun SCXW152509933 BCX0\">? Contactez-nous et <\/span><span class=\"NormalTextRun SpellingErrorV2Themed SCXW152509933 BCX0\">notre<\/span> <span class=\"NormalTextRun SCXW152509933 BCX0\">\u00e9quipe<\/span> <span class=\"NormalTextRun SpellingErrorV2Themed SCXW152509933 BCX0\">vous<\/span> <span class=\"NormalTextRun SpellingErrorV2Themed SCXW152509933 BCX0\">r\u00e9pondra<\/span> <span class=\"NormalTextRun SpellingErrorV2Themed SCXW152509933 BCX0\">d\u00e8s<\/span> <span class=\"NormalTextRun SCXW152509933 BCX0\">qu<\/span><span class=\"NormalTextRun SpellingErrorV2Themed SCXW152509933 BCX0\">e<\/span> <span class=\"NormalTextRun SCXW152509933 BCX0\">possible<\/span><\/p>\n\t\t\t\t\t\t\t\t<\/div>\n\t\t\t\t<\/div>\n\t\t\t\t<div class=\"elementor-element elementor-element-18d1650 elementor-button-align-stretch elementor-widget elementor-widget-form\" data-id=\"18d1650\" data-element_type=\"widget\" data-e-type=\"widget\" data-settings=\"{&quot;button_width&quot;:&quot;30&quot;,&quot;step_next_label&quot;:&quot;Suivant&quot;,&quot;step_previous_label&quot;:&quot;Pr\\u00e9c\\u00e9dent&quot;,&quot;step_type&quot;:&quot;number_text&quot;,&quot;step_icon_shape&quot;:&quot;circle&quot;}\" data-widget_type=\"form.default\">\n\t\t\t\t<div class=\"elementor-widget-container\">\n\t\t\t\t\t\t\t<form class=\"elementor-form\" method=\"post\" name=\"SEAprotect fr\" aria-label=\"SEAprotect fr\">\n\t\t\t<input type=\"hidden\" name=\"post_id\" value=\"2990\"\/>\n\t\t\t<input type=\"hidden\" name=\"form_id\" value=\"18d1650\"\/>\n\t\t\t<input type=\"hidden\" name=\"referer_title\" value=\"Euromaritime\" \/>\n\n\t\t\t\n\t\t\t<div class=\"elementor-form-fields-wrapper elementor-labels-\">\n\t\t\t\t\t\t\t\t<div class=\"elementor-field-type-text elementor-field-group elementor-column elementor-field-group-name elementor-col-50 elementor-field-required\">\n\t\t\t\t\t\t\t\t\t\t\t\t<label for=\"form-field-name\" class=\"elementor-field-label elementor-screen-only\">\n\t\t\t\t\t\t\t\tNom\t\t\t\t\t\t\t<\/label>\n\t\t\t\t\t\t\t\t\t\t\t\t\t\t<input size=\"1\" type=\"text\" name=\"form_fields[name]\" id=\"form-field-name\" class=\"elementor-field elementor-size-sm  elementor-field-textual\" placeholder=\"Nom\" required=\"required\">\n\t\t\t\t\t\t\t\t\t\t\t<\/div>\n\t\t\t\t\t\t\t\t<div class=\"elementor-field-type-text elementor-field-group elementor-column elementor-field-group-field_bcd0d3a elementor-col-50\">\n\t\t\t\t\t\t\t\t\t\t\t\t<label for=\"form-field-field_bcd0d3a\" class=\"elementor-field-label elementor-screen-only\">\n\t\t\t\t\t\t\t\tSoci\u00e9t\u00e9\t\t\t\t\t\t\t<\/label>\n\t\t\t\t\t\t\t\t\t\t\t\t\t\t<input size=\"1\" type=\"text\" name=\"form_fields[field_bcd0d3a]\" id=\"form-field-field_bcd0d3a\" class=\"elementor-field elementor-size-sm  elementor-field-textual\" placeholder=\"Soci\u00e9t\u00e9\">\n\t\t\t\t\t\t\t\t\t\t\t<\/div>\n\t\t\t\t\t\t\t\t<div class=\"elementor-field-type-email elementor-field-group elementor-column elementor-field-group-email elementor-col-100 elementor-field-required\">\n\t\t\t\t\t\t\t\t\t\t\t\t<label for=\"form-field-email\" class=\"elementor-field-label elementor-screen-only\">\n\t\t\t\t\t\t\t\tEmail\t\t\t\t\t\t\t<\/label>\n\t\t\t\t\t\t\t\t\t\t\t\t\t\t<input size=\"1\" type=\"email\" name=\"form_fields[email]\" id=\"form-field-email\" class=\"elementor-field elementor-size-sm  elementor-field-textual\" placeholder=\"Email\" required=\"required\">\n\t\t\t\t\t\t\t\t\t\t\t<\/div>\n\t\t\t\t\t\t\t\t<div class=\"elementor-field-type-textarea elementor-field-group elementor-column elementor-field-group-message elementor-col-100\">\n\t\t\t\t\t\t\t\t\t\t\t\t<label for=\"form-field-message\" class=\"elementor-field-label elementor-screen-only\">\n\t\t\t\t\t\t\t\tMessage\t\t\t\t\t\t\t<\/label>\n\t\t\t\t\t\t<textarea class=\"elementor-field-textual elementor-field  elementor-size-sm\" name=\"form_fields[message]\" id=\"form-field-message\" rows=\"4\" placeholder=\"Message\"><\/textarea>\t\t\t\t<\/div>\n\t\t\t\t\t\t\t\t<div class=\"elementor-field-type-acceptance elementor-field-group elementor-column elementor-field-group-field_08e3e2a elementor-col-100 elementor-field-required\">\n\t\t\t\t\t\t\t\t\t\t\t\t<label for=\"form-field-field_08e3e2a\" class=\"elementor-field-label elementor-screen-only\">\n\t\t\t\t\t\t\t\trgpd\t\t\t\t\t\t\t<\/label>\n\t\t\t\t\t\t\t\t<div class=\"elementor-field-subgroup\">\n\t\t\t<span class=\"elementor-field-option\">\n\t\t\t\t<input type=\"checkbox\" name=\"form_fields[field_08e3e2a]\" id=\"form-field-field_08e3e2a\" class=\"elementor-field elementor-size-sm  elementor-acceptance-field\" required=\"required\">\n\t\t\t\t<label for=\"form-field-field_08e3e2a\">En soumettant ce formulaire, j'accepte que les donn\u00e9es recueillies avec ce formulaire soient enregistr\u00e9es dans un fichier num\u00e9rique par EUROMARITIME. Conform\u00e9ment \u00e0 la r\u00e9glementation en vigueur concernant la protection des donn\u00e9es personnelles, vous disposez d'un droit d'acc\u00e8s, de modification, d'effacement, de limitation du traitement, d'opposition au traitement et de portabilit\u00e9 de vos donn\u00e9es personnelles. Pour toute demande concernant vos donn\u00e9es personnelles ou pour exercer vos droits, veuillez \u00e9crire \u00e0 EUROMARITIME ou vosdroits@sogena-events.com.<\/label>\t\t\t<\/span>\n\t\t<\/div>\n\t\t\t\t\t\t<\/div>\n\t\t\t\t\t\t\t\t<div class=\"elementor-field-type-acceptance elementor-field-group elementor-column elementor-field-group-field_c8283ef elementor-col-100\">\n\t\t\t\t\t\t\t\t\t\t\t\t<label for=\"form-field-field_c8283ef\" class=\"elementor-field-label elementor-screen-only\">\n\t\t\t\t\t\t\t\taccepter\t\t\t\t\t\t\t<\/label>\n\t\t\t\t\t\t\t\t<div class=\"elementor-field-subgroup\">\n\t\t\t<span class=\"elementor-field-option\">\n\t\t\t\t<input type=\"checkbox\" name=\"form_fields[field_c8283ef]\" id=\"form-field-field_c8283ef\" class=\"elementor-field elementor-size-sm  elementor-acceptance-field\">\n\t\t\t\t<label for=\"form-field-field_c8283ef\">J'accepte de recevoir des courriels occasionnels sur EUROMARITIME et des mises \u00e0 jour importantes pour me tenir inform\u00e9.<\/label>\t\t\t<\/span>\n\t\t<\/div>\n\t\t\t\t\t\t<\/div>\n\t\t\t\t\t\t\t\t<div class=\"elementor-field-type-recaptcha_v3 elementor-field-group elementor-column elementor-field-group-field_f7e30fc elementor-col-100 recaptcha_v3-bottomright\">\n\t\t\t\t\t<div class=\"elementor-field\" id=\"form-field-field_f7e30fc\"><div class=\"elementor-g-recaptcha\" data-sitekey=\"6LedAyUlAAAAAEWni5YIftrn2sHEZwh38P9SWwmh\" data-type=\"v3\" data-action=\"Form\" data-badge=\"bottomright\" data-size=\"invisible\"><\/div><\/div>\t\t\t\t<\/div>\n\t\t\t\t\t\t\t\t<div class=\"elementor-field-group elementor-column elementor-field-type-submit elementor-col-30 e-form__buttons\">\n\t\t\t\t\t<button class=\"elementor-button elementor-size-sm\" type=\"submit\">\n\t\t\t\t\t\t<span class=\"elementor-button-content-wrapper\">\n\t\t\t\t\t\t\t\t\t\t\t\t\t\t\t\t\t\t\t\t\t\t<span class=\"elementor-button-text\">Envoyer<\/span>\n\t\t\t\t\t\t\t\t\t\t\t\t\t<\/span>\n\t\t\t\t\t<\/button>\n\t\t\t\t<\/div>\n\t\t\t<\/div>\n\t\t<\/form>\n\t\t\t\t\t\t<\/div>\n\t\t\t\t<\/div>\n\t\t\t\t\t<\/div>\n\t\t<\/div>\n\t\t\t\t\t<\/div>\n\t\t<\/section>\n\t\t\t\t<section data-particle_enable=\"false\" data-particle-mobile-disabled=\"false\" class=\"elementor-section elementor-top-section elementor-element elementor-element-b069c30 elementor-section-full_width elementor-hidden-desktop elementor-hidden-tablet elementor-hidden-mobile elementor-section-height-default elementor-section-height-default\" data-id=\"b069c30\" data-element_type=\"section\" data-e-type=\"section\" data-settings=\"{&quot;background_background&quot;:&quot;classic&quot;,&quot;_ha_eqh_enable&quot;:false}\">\n\t\t\t\t\t\t\t<div class=\"elementor-background-overlay\"><\/div>\n\t\t\t\t\t\t\t<div class=\"elementor-container elementor-column-gap-default\">\n\t\t\t\t\t<div class=\"elementor-column elementor-col-100 elementor-top-column elementor-element elementor-element-a805c41\" data-id=\"a805c41\" data-element_type=\"column\" data-e-type=\"column\">\n\t\t\t<div class=\"elementor-widget-wrap elementor-element-populated\">\n\t\t\t\t\t\t<div class=\"elementor-element elementor-element-6c6ae22 elementor-widget elementor-widget-ucaddon_uc_card_post_carousel\" data-id=\"6c6ae22\" data-element_type=\"widget\" data-e-type=\"widget\" data-widget_type=\"ucaddon_uc_card_post_carousel.default\">\n\t\t\t\t<div class=\"elementor-widget-container\">\n\t\t\t\t\t\n<!-- start Post Carousel Lite -->\n\t\t<link id='font-awesome-css' href='https:\/\/www.euromaritime.fr\/wp-content\/plugins\/unlimited-elements-for-elementor\/assets_libraries\/font-awesome6\/fontawesome-all.min.css' type='text\/css' rel='stylesheet' >\n\t\t<link id='font-awesome-4-shim-css' href='https:\/\/www.euromaritime.fr\/wp-content\/plugins\/unlimited-elements-for-elementor\/assets_libraries\/font-awesome6\/fontawesome-v4-shims.min.css' type='text\/css' rel='stylesheet' >\n\t\t<link id='owl-carousel-css' href='https:\/\/www.euromaritime.fr\/wp-content\/plugins\/unlimited-elements-for-elementor\/assets_libraries\/owl-carousel-new\/assets\/owl.carousel.css' type='text\/css' rel='stylesheet' >\n\n<style>\/* widget: Post Carousel Lite *\/\n\n#uc_uc_card_post_carousel_elementor_6c6ae22 *{\n  box-sizing:border-box;\n}\n#uc_uc_card_post_carousel_elementor_6c6ae22{\n  position:relative;\n  min-height:1px;\n}\n#uc_uc_card_post_carousel_elementor_6c6ae22 .uc_image_carousel_content{\n\ttext-align:center;\n    display: flex;\n     flex-flow: column nowrap;\n}\n#uc_uc_card_post_carousel_elementor_6c6ae22 .ue_post_carousel_item\n{\n  overflow:hidden;\n  \n}\n\n#uc_uc_card_post_carousel_elementor_6c6ae22 .ue_post_btn_holder\n{\n  margin-top:auto;\n}\n\n#uc_uc_card_post_carousel_elementor_6c6ae22 .uc_more_btn{\n\n  display:inline-block;\n  text-align:center;\n  text-decoration:none;\n} \n\n.uc_overlay_image_carousel .uc_more_btn{\n  text-decoration:none;\n  display:inline-block;\n}\n\n.uc_overlay_image_carousel .uc_post_title{\n  font-size:21px;\n  text-decoration:none;\n}\n\n#uc_uc_card_post_carousel_elementor_6c6ae22 .owl-nav .owl-prev{\n    position:absolute;\n    display:inline-block;\n    text-align:center;\n}\n#uc_uc_card_post_carousel_elementor_6c6ae22 .owl-nav .owl-next{\n  position:absolute;\n  display:inline-block;\n  text-align:center;\n}\n\n\n#uc_uc_card_post_carousel_elementor_6c6ae22 .owl-dots {\noverflow:hidden;\ndisplay:true !important;\ntext-align:center;\n}\n\n#uc_uc_card_post_carousel_elementor_6c6ae22 .owl-dot {\nborder-radius:50%;\ndisplay:inline-block;\n}\n\n<\/style>\n\n<div class=\"uc_overlay_image_carousel\" id=\"uc_uc_card_post_carousel_elementor_6c6ae22\" data-custom-sethtml=\"true\" >\n   <div class=\"uc_carousel owl-carousel owl-theme uc-items-wrapper\">\n   \t\t\n   <\/div>\t\n<\/div>\n\n<!-- --->\n<!-- --->\n<!-- --->\n<!-- end Post Carousel Lite -->\t\t\t\t<\/div>\n\t\t\t\t<\/div>\n\t\t\t\t\t<\/div>\n\t\t<\/div>\n\t\t\t\t\t<\/div>\n\t\t<\/section>\n\t\t\t\t<\/div>\n\t\t","protected":false},"excerpt":{"rendered":"<p>EUROMARITIME 2024 r\u00e9organise l&rsquo;extension de SEAprotect, lanc\u00e9e en 2022, afin de refl\u00e9ter la prise de conscience croissante de la pollution dans les eaux marines et int\u00e9rieures et les mesures prises par les gouvernements, les universit\u00e9s et l&rsquo;industrie. SEAprotect se concentre sur les actions de d\u00e9pollution n\u00e9cessaires pour la r\u00e9duire et prot\u00e9ger ces zones des plastiques [&hellip;]<\/p>\n","protected":false},"author":1,"featured_media":0,"parent":2950,"menu_order":0,"comment_status":"closed","ping_status":"closed","template":"","meta":{"_acf_changed":false,"footnotes":"","_links_to":"","_links_to_target":""},"class_list":["post-2990","page","type-page","status-publish","hentry"],"acf":[],"yoast_head":"<!-- This site is optimized with the Yoast SEO plugin v27.1.1 - https:\/\/yoast.com\/product\/yoast-seo-wordpress\/ -->\n<title>Euromaritime 2024 - SEAprotect<\/title>\n<meta name=\"description\" content=\"D\u00e9couvrez des produits et services innovants pour r\u00e9duire la pollution industrielle dans le secteur maritime avec SEAprotect. Rencontrez des experts du secteur et assistez \u00e0 des conf\u00e9rences sur les r\u00e9glementations en mati\u00e8re de d\u00e9carbonisation au cours de notre visite guid\u00e9e.\" \/>\n<meta name=\"robots\" content=\"index, follow, max-snippet:-1, max-image-preview:large, max-video-preview:-1\" \/>\n<link rel=\"canonical\" href=\"https:\/\/www.euromaritime.fr\/fr\/temps-forts\/seaprotect\/\" \/>\n<meta property=\"og:locale\" content=\"fr_FR\" \/>\n<meta property=\"og:type\" content=\"article\" \/>\n<meta property=\"og:title\" content=\"Euromaritime 2024 - SEAprotect\" \/>\n<meta property=\"og:description\" content=\"D\u00e9couvrez des produits et services innovants pour r\u00e9duire la pollution industrielle dans le secteur maritime avec SEAprotect. Rencontrez des experts du secteur et assistez \u00e0 des conf\u00e9rences sur les r\u00e9glementations en mati\u00e8re de d\u00e9carbonisation au cours de notre visite guid\u00e9e.\" \/>\n<meta property=\"og:url\" content=\"https:\/\/www.euromaritime.fr\/fr\/temps-forts\/seaprotect\/\" \/>\n<meta property=\"og:site_name\" content=\"Euromaritime\" \/>\n<meta property=\"article:modified_time\" content=\"2024-01-04T13:20:05+00:00\" \/>\n<meta name=\"twitter:card\" content=\"summary_large_image\" \/>\n<meta name=\"twitter:site\" content=\"@Euromaritime22\" \/>\n<meta name=\"twitter:label1\" content=\"Dur\u00e9e de lecture estim\u00e9e\" \/>\n\t<meta name=\"twitter:data1\" content=\"2 minutes\" \/>\n<script type=\"application\/ld+json\" class=\"yoast-schema-graph\">{\"@context\":\"https:\/\/schema.org\",\"@graph\":[{\"@type\":\"WebPage\",\"@id\":\"https:\/\/www.euromaritime.fr\/fr\/temps-forts\/seaprotect\/\",\"url\":\"https:\/\/www.euromaritime.fr\/fr\/temps-forts\/seaprotect\/\",\"name\":\"Euromaritime 2024 - SEAprotect\",\"isPartOf\":{\"@id\":\"https:\/\/www.euromaritime.fr\/#website\"},\"datePublished\":\"2023-02-28T12:41:23+00:00\",\"dateModified\":\"2024-01-04T13:20:05+00:00\",\"description\":\"D\u00e9couvrez des produits et services innovants pour r\u00e9duire la pollution industrielle dans le secteur maritime avec SEAprotect. Rencontrez des experts du secteur et assistez \u00e0 des conf\u00e9rences sur les r\u00e9glementations en mati\u00e8re de d\u00e9carbonisation au cours de notre visite guid\u00e9e.\",\"breadcrumb\":{\"@id\":\"https:\/\/www.euromaritime.fr\/fr\/temps-forts\/seaprotect\/#breadcrumb\"},\"inLanguage\":\"fr-FR\",\"potentialAction\":[{\"@type\":\"ReadAction\",\"target\":[\"https:\/\/www.euromaritime.fr\/fr\/temps-forts\/seaprotect\/\"]}]},{\"@type\":\"BreadcrumbList\",\"@id\":\"https:\/\/www.euromaritime.fr\/fr\/temps-forts\/seaprotect\/#breadcrumb\",\"itemListElement\":[{\"@type\":\"ListItem\",\"position\":1,\"name\":\"Accueil\",\"item\":\"https:\/\/www.euromaritime.fr\/fr\/accueil2026\/\"},{\"@type\":\"ListItem\",\"position\":2,\"name\":\"Temps forts\",\"item\":\"https:\/\/www.euromaritime.fr\/fr\/temps-forts\/\"},{\"@type\":\"ListItem\",\"position\":3,\"name\":\"SEAprotect\"}]},{\"@type\":\"WebSite\",\"@id\":\"https:\/\/www.euromaritime.fr\/#website\",\"url\":\"https:\/\/www.euromaritime.fr\/\",\"name\":\"Euromaritime\",\"description\":\"Trade fair for an innovative marine industry\",\"publisher\":{\"@id\":\"https:\/\/www.euromaritime.fr\/#organization\"},\"potentialAction\":[{\"@type\":\"SearchAction\",\"target\":{\"@type\":\"EntryPoint\",\"urlTemplate\":\"https:\/\/www.euromaritime.fr\/?s={search_term_string}\"},\"query-input\":{\"@type\":\"PropertyValueSpecification\",\"valueRequired\":true,\"valueName\":\"search_term_string\"}}],\"inLanguage\":\"fr-FR\"},{\"@type\":\"Organization\",\"@id\":\"https:\/\/www.euromaritime.fr\/#organization\",\"name\":\"Euromaritime\",\"url\":\"https:\/\/www.euromaritime.fr\/\",\"logo\":{\"@type\":\"ImageObject\",\"inLanguage\":\"fr-FR\",\"@id\":\"https:\/\/www.euromaritime.fr\/#\/schema\/logo\/image\/\",\"url\":\"https:\/\/www.euromaritime.fr\/wp-content\/uploads\/2023\/02\/euromaritime-logo-dark.svg\",\"contentUrl\":\"https:\/\/www.euromaritime.fr\/wp-content\/uploads\/2023\/02\/euromaritime-logo-dark.svg\",\"caption\":\"Euromaritime\"},\"image\":{\"@id\":\"https:\/\/www.euromaritime.fr\/#\/schema\/logo\/image\/\"},\"sameAs\":[\"https:\/\/x.com\/Euromaritime22\",\"https:\/\/www.linkedin.com\/company\/euromaritime\/\",\"https:\/\/www.youtube.com\/@euromaritime5954\"]}]}<\/script>\n<!-- \/ Yoast SEO plugin. -->","yoast_head_json":{"title":"Euromaritime 2024 - SEAprotect","description":"D\u00e9couvrez des produits et services innovants pour r\u00e9duire la pollution industrielle dans le secteur maritime avec SEAprotect. Rencontrez des experts du secteur et assistez \u00e0 des conf\u00e9rences sur les r\u00e9glementations en mati\u00e8re de d\u00e9carbonisation au cours de notre visite guid\u00e9e.","robots":{"index":"index","follow":"follow","max-snippet":"max-snippet:-1","max-image-preview":"max-image-preview:large","max-video-preview":"max-video-preview:-1"},"canonical":"https:\/\/www.euromaritime.fr\/fr\/temps-forts\/seaprotect\/","og_locale":"fr_FR","og_type":"article","og_title":"Euromaritime 2024 - SEAprotect","og_description":"D\u00e9couvrez des produits et services innovants pour r\u00e9duire la pollution industrielle dans le secteur maritime avec SEAprotect. Rencontrez des experts du secteur et assistez \u00e0 des conf\u00e9rences sur les r\u00e9glementations en mati\u00e8re de d\u00e9carbonisation au cours de notre visite guid\u00e9e.","og_url":"https:\/\/www.euromaritime.fr\/fr\/temps-forts\/seaprotect\/","og_site_name":"Euromaritime","article_modified_time":"2024-01-04T13:20:05+00:00","twitter_card":"summary_large_image","twitter_site":"@Euromaritime22","twitter_misc":{"Dur\u00e9e de lecture estim\u00e9e":"2 minutes"},"schema":{"@context":"https:\/\/schema.org","@graph":[{"@type":"WebPage","@id":"https:\/\/www.euromaritime.fr\/fr\/temps-forts\/seaprotect\/","url":"https:\/\/www.euromaritime.fr\/fr\/temps-forts\/seaprotect\/","name":"Euromaritime 2024 - SEAprotect","isPartOf":{"@id":"https:\/\/www.euromaritime.fr\/#website"},"datePublished":"2023-02-28T12:41:23+00:00","dateModified":"2024-01-04T13:20:05+00:00","description":"D\u00e9couvrez des produits et services innovants pour r\u00e9duire la pollution industrielle dans le secteur maritime avec SEAprotect. Rencontrez des experts du secteur et assistez \u00e0 des conf\u00e9rences sur les r\u00e9glementations en mati\u00e8re de d\u00e9carbonisation au cours de notre visite guid\u00e9e.","breadcrumb":{"@id":"https:\/\/www.euromaritime.fr\/fr\/temps-forts\/seaprotect\/#breadcrumb"},"inLanguage":"fr-FR","potentialAction":[{"@type":"ReadAction","target":["https:\/\/www.euromaritime.fr\/fr\/temps-forts\/seaprotect\/"]}]},{"@type":"BreadcrumbList","@id":"https:\/\/www.euromaritime.fr\/fr\/temps-forts\/seaprotect\/#breadcrumb","itemListElement":[{"@type":"ListItem","position":1,"name":"Accueil","item":"https:\/\/www.euromaritime.fr\/fr\/accueil2026\/"},{"@type":"ListItem","position":2,"name":"Temps forts","item":"https:\/\/www.euromaritime.fr\/fr\/temps-forts\/"},{"@type":"ListItem","position":3,"name":"SEAprotect"}]},{"@type":"WebSite","@id":"https:\/\/www.euromaritime.fr\/#website","url":"https:\/\/www.euromaritime.fr\/","name":"Euromaritime","description":"Trade fair for an innovative marine industry","publisher":{"@id":"https:\/\/www.euromaritime.fr\/#organization"},"potentialAction":[{"@type":"SearchAction","target":{"@type":"EntryPoint","urlTemplate":"https:\/\/www.euromaritime.fr\/?s={search_term_string}"},"query-input":{"@type":"PropertyValueSpecification","valueRequired":true,"valueName":"search_term_string"}}],"inLanguage":"fr-FR"},{"@type":"Organization","@id":"https:\/\/www.euromaritime.fr\/#organization","name":"Euromaritime","url":"https:\/\/www.euromaritime.fr\/","logo":{"@type":"ImageObject","inLanguage":"fr-FR","@id":"https:\/\/www.euromaritime.fr\/#\/schema\/logo\/image\/","url":"https:\/\/www.euromaritime.fr\/wp-content\/uploads\/2023\/02\/euromaritime-logo-dark.svg","contentUrl":"https:\/\/www.euromaritime.fr\/wp-content\/uploads\/2023\/02\/euromaritime-logo-dark.svg","caption":"Euromaritime"},"image":{"@id":"https:\/\/www.euromaritime.fr\/#\/schema\/logo\/image\/"},"sameAs":["https:\/\/x.com\/Euromaritime22","https:\/\/www.linkedin.com\/company\/euromaritime\/","https:\/\/www.youtube.com\/@euromaritime5954"]}]}},"_links":{"self":[{"href":"https:\/\/www.euromaritime.fr\/fr\/wp-json\/wp\/v2\/pages\/2990","targetHints":{"allow":["GET"]}}],"collection":[{"href":"https:\/\/www.euromaritime.fr\/fr\/wp-json\/wp\/v2\/pages"}],"about":[{"href":"https:\/\/www.euromaritime.fr\/fr\/wp-json\/wp\/v2\/types\/page"}],"author":[{"embeddable":true,"href":"https:\/\/www.euromaritime.fr\/fr\/wp-json\/wp\/v2\/users\/1"}],"replies":[{"embeddable":true,"href":"https:\/\/www.euromaritime.fr\/fr\/wp-json\/wp\/v2\/comments?post=2990"}],"version-history":[{"count":0,"href":"https:\/\/www.euromaritime.fr\/fr\/wp-json\/wp\/v2\/pages\/2990\/revisions"}],"up":[{"embeddable":true,"href":"https:\/\/www.euromaritime.fr\/fr\/wp-json\/wp\/v2\/pages\/2950"}],"wp:attachment":[{"href":"https:\/\/www.euromaritime.fr\/fr\/wp-json\/wp\/v2\/media?parent=2990"}],"curies":[{"name":"wp","href":"https:\/\/api.w.org\/{rel}","templated":true}]}}