{"id":5841,"date":"2023-03-30T11:08:05","date_gmt":"2023-03-30T09:08:05","guid":{"rendered":"http:\/\/dune.euromaritime.fr\/infos-pratiques\/contactez-nous\/"},"modified":"2025-09-11T15:35:09","modified_gmt":"2025-09-11T13:35:09","slug":"contactez-nous","status":"publish","type":"page","link":"https:\/\/www.euromaritime.fr\/fr\/infos-pratiques\/contactez-nous\/","title":{"rendered":"Contactez-nous"},"content":{"rendered":"\t\t<div data-elementor-type=\"wp-page\" data-elementor-id=\"5841\" class=\"elementor elementor-5841 elementor-5251\" data-elementor-settings=\"{&quot;ha_cmc_init_switcher&quot;:&quot;no&quot;}\" data-elementor-post-type=\"page\">\n\t\t\t\t<div data-particle_enable=\"false\" data-particle-mobile-disabled=\"false\" class=\"elementor-element elementor-element-29940b4 e-con-full e-flex e-con e-parent\" data-id=\"29940b4\" data-element_type=\"container\" data-e-type=\"container\" data-settings=\"{&quot;_ha_eqh_enable&quot;:false}\">\n\t\t\t\t<div class=\"elementor-element elementor-element-5258cef elementor-widget__width-initial elementor-widget elementor-widget-text-editor\" data-id=\"5258cef\" data-element_type=\"widget\" data-e-type=\"widget\" data-widget_type=\"text-editor.default\">\n\t\t\t\t<div class=\"elementor-widget-container\">\n\t\t\t\t\t\t\t\t\t<p>Vous avez une question concernant votre prochaine participation ou votre future visite ? Contactez-nous et notre \u00e9quipe vous r\u00e9pondra dans les meilleurs d\u00e9lais.<\/p>\t\t\t\t\t\t\t\t<\/div>\n\t\t\t\t<\/div>\n\t\t\t\t<\/div>\n\t\t<div data-particle_enable=\"false\" data-particle-mobile-disabled=\"false\" class=\"elementor-element elementor-element-f9e0e0b e-con-full e-flex e-con e-parent\" data-id=\"f9e0e0b\" data-element_type=\"container\" data-e-type=\"container\" data-settings=\"{&quot;background_background&quot;:&quot;gradient&quot;,&quot;shape_divider_top&quot;:&quot;waves&quot;,&quot;shape_divider_bottom&quot;:&quot;waves&quot;,&quot;_ha_eqh_enable&quot;:false}\">\n\t\t\t\t<div class=\"elementor-shape elementor-shape-top\" aria-hidden=\"true\" data-negative=\"false\">\n\t\t\t<svg xmlns=\"http:\/\/www.w3.org\/2000\/svg\" viewBox=\"0 0 1000 100\" preserveAspectRatio=\"none\">\n\t<path class=\"elementor-shape-fill\" d=\"M421.9,6.5c22.6-2.5,51.5,0.4,75.5,5.3c23.6,4.9,70.9,23.5,100.5,35.7c75.8,32.2,133.7,44.5,192.6,49.7\n\tc23.6,2.1,48.7,3.5,103.4-2.5c54.7-6,106.2-25.6,106.2-25.6V0H0v30.3c0,0,72,32.6,158.4,30.5c39.2-0.7,92.8-6.7,134-22.4\n\tc21.2-8.1,52.2-18.2,79.7-24.2C399.3,7.9,411.6,7.5,421.9,6.5z\"\/>\n<\/svg>\t\t<\/div>\n\t\t\t\t<div class=\"elementor-shape elementor-shape-bottom\" aria-hidden=\"true\" data-negative=\"false\">\n\t\t\t<svg xmlns=\"http:\/\/www.w3.org\/2000\/svg\" viewBox=\"0 0 1000 100\" preserveAspectRatio=\"none\">\n\t<path class=\"elementor-shape-fill\" d=\"M421.9,6.5c22.6-2.5,51.5,0.4,75.5,5.3c23.6,4.9,70.9,23.5,100.5,35.7c75.8,32.2,133.7,44.5,192.6,49.7\n\tc23.6,2.1,48.7,3.5,103.4-2.5c54.7-6,106.2-25.6,106.2-25.6V0H0v30.3c0,0,72,32.6,158.4,30.5c39.2-0.7,92.8-6.7,134-22.4\n\tc21.2-8.1,52.2-18.2,79.7-24.2C399.3,7.9,411.6,7.5,421.9,6.5z\"\/>\n<\/svg>\t\t<\/div>\n\t\t<div data-particle_enable=\"false\" data-particle-mobile-disabled=\"false\" class=\"elementor-element elementor-element-15e6d8f e-flex e-con-boxed e-con e-child\" data-id=\"15e6d8f\" data-element_type=\"container\" data-e-type=\"container\" data-settings=\"{&quot;_ha_eqh_enable&quot;:false}\">\n\t\t\t\t\t<div class=\"e-con-inner\">\n\t\t\t\t<div class=\"elementor-element elementor-element-c249295 elementor-button-align-stretch ha-has-bg-overlay elementor-widget elementor-widget-form\" data-id=\"c249295\" data-element_type=\"widget\" data-e-type=\"widget\" data-settings=\"{&quot;button_width&quot;:&quot;30&quot;,&quot;step_next_label&quot;:&quot;Suivant&quot;,&quot;step_previous_label&quot;:&quot;Pr\\u00e9c\\u00e9dent&quot;,&quot;step_type&quot;:&quot;number_text&quot;,&quot;step_icon_shape&quot;:&quot;circle&quot;}\" data-widget_type=\"form.default\">\n\t\t\t\t<div class=\"elementor-widget-container\">\n\t\t\t\t\t\t\t<form class=\"elementor-form\" method=\"post\" id=\"eurom_form_contact_us\" name=\"contactez-nous\" aria-label=\"contactez-nous\">\n\t\t\t<input type=\"hidden\" name=\"post_id\" value=\"5841\"\/>\n\t\t\t<input type=\"hidden\" name=\"form_id\" value=\"c249295\"\/>\n\t\t\t<input type=\"hidden\" name=\"referer_title\" value=\"Contactez-nous - Euromaritime\" \/>\n\n\t\t\t\t\t\t\t<input type=\"hidden\" name=\"queried_id\" value=\"5841\"\/>\n\t\t\t\n\t\t\t<div class=\"elementor-form-fields-wrapper elementor-labels-\">\n\t\t\t\t\t\t\t\t<div class=\"elementor-field-type-text elementor-field-group elementor-column elementor-field-group-firstname elementor-col-50 elementor-field-required\">\n\t\t\t\t\t\t\t\t\t\t\t\t<label for=\"form-field-firstname\" class=\"elementor-field-label elementor-screen-only\">\n\t\t\t\t\t\t\t\tPr\u00e9nom\t\t\t\t\t\t\t<\/label>\n\t\t\t\t\t\t\t\t\t\t\t\t\t\t<input size=\"1\" type=\"text\" name=\"form_fields[firstname]\" id=\"form-field-firstname\" class=\"elementor-field elementor-size-sm  elementor-field-textual\" placeholder=\"Pr\u00e9nom\" required=\"required\">\n\t\t\t\t\t\t\t\t\t\t\t<\/div>\n\t\t\t\t\t\t\t\t<div class=\"elementor-field-type-text elementor-field-group elementor-column elementor-field-group-lastname elementor-col-50 elementor-field-required\">\n\t\t\t\t\t\t\t\t\t\t\t\t<label for=\"form-field-lastname\" class=\"elementor-field-label elementor-screen-only\">\n\t\t\t\t\t\t\t\tNom\t\t\t\t\t\t\t<\/label>\n\t\t\t\t\t\t\t\t\t\t\t\t\t\t<input size=\"1\" type=\"text\" name=\"form_fields[lastname]\" id=\"form-field-lastname\" class=\"elementor-field elementor-size-sm  elementor-field-textual\" placeholder=\"Nom\" required=\"required\">\n\t\t\t\t\t\t\t\t\t\t\t<\/div>\n\t\t\t\t\t\t\t\t<div class=\"elementor-field-type-text elementor-field-group elementor-column elementor-field-group-company elementor-col-50 elementor-field-required\">\n\t\t\t\t\t\t\t\t\t\t\t\t<label for=\"form-field-company\" class=\"elementor-field-label elementor-screen-only\">\n\t\t\t\t\t\t\t\tSoci\u00e9t\u00e9\t\t\t\t\t\t\t<\/label>\n\t\t\t\t\t\t\t\t\t\t\t\t\t\t<input size=\"1\" type=\"text\" name=\"form_fields[company]\" id=\"form-field-company\" class=\"elementor-field elementor-size-sm  elementor-field-textual\" placeholder=\"Soci\u00e9t\u00e9\" required=\"required\">\n\t\t\t\t\t\t\t\t\t\t\t<\/div>\n\t\t\t\t\t\t\t\t<div class=\"elementor-field-type-email elementor-field-group elementor-column elementor-field-group-email elementor-col-50 elementor-field-required\">\n\t\t\t\t\t\t\t\t\t\t\t\t<label for=\"form-field-email\" class=\"elementor-field-label elementor-screen-only\">\n\t\t\t\t\t\t\t\tEmail\t\t\t\t\t\t\t<\/label>\n\t\t\t\t\t\t\t\t\t\t\t\t\t\t<input size=\"1\" type=\"email\" name=\"form_fields[email]\" id=\"form-field-email\" class=\"elementor-field elementor-size-sm  elementor-field-textual\" placeholder=\"Email\" required=\"required\">\n\t\t\t\t\t\t\t\t\t\t\t<\/div>\n\t\t\t\t\t\t\t\t<div class=\"elementor-field-type-tel elementor-field-group elementor-column elementor-field-group-phone elementor-col-50 elementor-field-required\">\n\t\t\t\t\t\t\t\t\t\t\t\t<label for=\"form-field-phone\" class=\"elementor-field-label elementor-screen-only\">\n\t\t\t\t\t\t\t\tT\u00e9l\u00e9phone\t\t\t\t\t\t\t<\/label>\n\t\t\t\t\t\t\t\t<input size=\"1\" type=\"tel\" name=\"form_fields[phone]\" id=\"form-field-phone\" class=\"elementor-field elementor-size-sm  elementor-field-textual\" placeholder=\"T\u00e9l\u00e9phone\" required=\"required\" pattern=\"[0-9()#&amp;+*-=.]+\" title=\"Seuls les caract\u00e8res de num\u00e9ros de t\u00e9l\u00e9phone (#, -, *, etc.) sont accept\u00e9s.\">\n\n\t\t\t\t\t\t<\/div>\n\t\t\t\t\t\t\t\t<div class=\"elementor-field-type-html elementor-field-group elementor-column elementor-field-group-field_906ecc4 elementor-col-100\">\n\t\t\t\t\tJe souhaite des informations pour\t\t\t\t<\/div>\n\t\t\t\t\t\t\t\t<div class=\"elementor-field-type-radio elementor-field-group elementor-column elementor-field-group-information elementor-col-100 elementor-field-required\">\n\t\t\t\t\t\t\t\t\t\t\t\t<label for=\"form-field-information\" class=\"elementor-field-label elementor-screen-only\">\n\t\t\t\t\t\t\t\tinformation\t\t\t\t\t\t\t<\/label>\n\t\t\t\t\t\t<div class=\"elementor-field-subgroup  elementor-subgroup-inline\"><span class=\"elementor-field-option\"><input type=\"radio\" value=\"32010\" id=\"form-field-information-0\" name=\"form_fields[information]\" required=\"required\"> <label for=\"form-field-information-0\">Exposer<\/label><\/span><span class=\"elementor-field-option\"><input type=\"radio\" value=\"32011\" id=\"form-field-information-1\" name=\"form_fields[information]\" required=\"required\"> <label for=\"form-field-information-1\">Visiter<\/label><\/span><span class=\"elementor-field-option\"><input type=\"radio\" value=\"32012\" id=\"form-field-information-2\" name=\"form_fields[information]\" required=\"required\"> <label for=\"form-field-information-2\">Les m\u00e9dias<\/label><\/span><\/div>\t\t\t\t<\/div>\n\t\t\t\t\t\t\t\t<div class=\"elementor-field-type-acceptance elementor-field-group elementor-column elementor-field-group-rgpd elementor-col-100 elementor-field-required\">\n\t\t\t\t\t\t\t\t\t\t\t\t<label for=\"form-field-rgpd\" class=\"elementor-field-label elementor-screen-only\">\n\t\t\t\t\t\t\t\trgpd\t\t\t\t\t\t\t<\/label>\n\t\t\t\t\t\t\t\t<div class=\"elementor-field-subgroup\">\n\t\t\t<span class=\"elementor-field-option\">\n\t\t\t\t<input type=\"checkbox\" name=\"form_fields[rgpd]\" id=\"form-field-rgpd\" class=\"elementor-field elementor-size-sm  elementor-acceptance-field\" required=\"required\">\n\t\t\t\t<label for=\"form-field-rgpd\">En soumettant ce formulaire, j'accepte que les donn\u00e9es recueillies avec ce formulaire soient enregistr\u00e9es dans un fichier num\u00e9rique par EUROMARITIME. Conform\u00e9ment \u00e0 la r\u00e9glementation en vigueur concernant la protection des donn\u00e9es personnelles, vous disposez d'un droit d'acc\u00e8s, de modification, d'effacement, de limitation du traitement, d'opposition au traitement et de portabilit\u00e9 de vos donn\u00e9es personnelles. Pour toute demande concernant vos donn\u00e9es personnelles ou pour exercer vos droits, veuillez \u00e9crire \u00e0 EUROMARITIME ou vosdroits@sogena-events.com.<\/label>\t\t\t<\/span>\n\t\t<\/div>\n\t\t\t\t\t\t<\/div>\n\t\t\t\t\t\t\t\t<div class=\"elementor-field-type-acceptance elementor-field-group elementor-column elementor-field-group-agree_emails elementor-col-100\">\n\t\t\t\t\t\t\t\t\t\t\t\t<label for=\"form-field-agree_emails\" class=\"elementor-field-label elementor-screen-only\">\n\t\t\t\t\t\t\t\taccepter\t\t\t\t\t\t\t<\/label>\n\t\t\t\t\t\t\t\t<div class=\"elementor-field-subgroup\">\n\t\t\t<span class=\"elementor-field-option\">\n\t\t\t\t<input type=\"checkbox\" name=\"form_fields[agree_emails]\" id=\"form-field-agree_emails\" class=\"elementor-field elementor-size-sm  elementor-acceptance-field\">\n\t\t\t\t<label for=\"form-field-agree_emails\">J'accepte de recevoir des courriels occasionnels sur EUROMARITIME et des mises \u00e0 jour importantes pour me tenir inform\u00e9.<\/label>\t\t\t<\/span>\n\t\t<\/div>\n\t\t\t\t\t\t<\/div>\n\t\t\t\t\t\t\t\t<div class=\"elementor-field-type-recaptcha_v3 elementor-field-group elementor-column elementor-field-group-field_1a3be41 elementor-col-100 recaptcha_v3-bottomright\">\n\t\t\t\t\t<div class=\"elementor-field\" id=\"form-field-field_1a3be41\"><div class=\"elementor-g-recaptcha\" data-sitekey=\"6LedAyUlAAAAAEWni5YIftrn2sHEZwh38P9SWwmh\" data-type=\"v3\" data-action=\"Form\" data-badge=\"bottomright\" data-size=\"invisible\"><\/div><\/div>\t\t\t\t<\/div>\n\t\t\t\t\t\t\t\t<div class=\"elementor-field-group elementor-column elementor-field-type-submit elementor-col-30 e-form__buttons\">\n\t\t\t\t\t<button class=\"elementor-button elementor-size-sm\" type=\"submit\">\n\t\t\t\t\t\t<span class=\"elementor-button-content-wrapper\">\n\t\t\t\t\t\t\t\t\t\t\t\t\t\t\t\t\t\t\t\t\t\t<span class=\"elementor-button-text\">Envoyer<\/span>\n\t\t\t\t\t\t\t\t\t\t\t\t\t<\/span>\n\t\t\t\t\t<\/button>\n\t\t\t\t<\/div>\n\t\t\t<\/div>\n\t\t<\/form>\n\t\t\t\t\t\t<\/div>\n\t\t\t\t<\/div>\n\t\t\t\t\t<\/div>\n\t\t\t\t<\/div>\n\t\t\t\t<\/div>\n\t\t\t\t<\/div>\n\t\t","protected":false},"excerpt":{"rendered":"<p>Vous avez une question concernant votre prochaine participation ou votre future visite ? Contactez-nous et notre \u00e9quipe vous r\u00e9pondra dans les meilleurs d\u00e9lais.<\/p>\n","protected":false},"author":1,"featured_media":0,"parent":2899,"menu_order":0,"comment_status":"closed","ping_status":"closed","template":"","meta":{"_acf_changed":false,"footnotes":"","_links_to":"","_links_to_target":""},"class_list":["post-5841","page","type-page","status-publish","hentry"],"acf":[],"yoast_head":"<!-- This site is optimized with the Yoast SEO plugin v27.1.1 - https:\/\/yoast.com\/product\/yoast-seo-wordpress\/ -->\n<title>Contactez-nous - Euromaritime<\/title>\n<meta name=\"description\" content=\"Vous avez une question sur votre prochaine participation, ou votre future visite ? Contactez-nous et notre \u00e9quipe vous r\u00e9pondra dans les meilleurs d\u00e9lais.\" \/>\n<meta name=\"robots\" content=\"index, follow, max-snippet:-1, max-image-preview:large, max-video-preview:-1\" \/>\n<link rel=\"canonical\" href=\"https:\/\/www.euromaritime.fr\/fr\/infos-pratiques\/contactez-nous\/\" \/>\n<meta property=\"og:locale\" content=\"fr_FR\" \/>\n<meta property=\"og:type\" content=\"article\" \/>\n<meta property=\"og:title\" content=\"Contactez-nous - Euromaritime\" \/>\n<meta property=\"og:description\" content=\"Vous avez une question sur votre prochaine participation, ou votre future visite ? Contactez-nous et notre \u00e9quipe vous r\u00e9pondra dans les meilleurs d\u00e9lais.\" \/>\n<meta property=\"og:url\" content=\"https:\/\/www.euromaritime.fr\/fr\/infos-pratiques\/contactez-nous\/\" \/>\n<meta property=\"og:site_name\" content=\"Euromaritime\" \/>\n<meta property=\"article:modified_time\" content=\"2025-09-11T13:35:09+00:00\" \/>\n<meta name=\"twitter:card\" content=\"summary_large_image\" \/>\n<meta name=\"twitter:site\" content=\"@Euromaritime22\" \/>\n<meta name=\"twitter:label1\" content=\"Dur\u00e9e de lecture estim\u00e9e\" \/>\n\t<meta name=\"twitter:data1\" content=\"1 minute\" \/>\n<script type=\"application\/ld+json\" class=\"yoast-schema-graph\">{\"@context\":\"https:\/\/schema.org\",\"@graph\":[{\"@type\":\"WebPage\",\"@id\":\"https:\/\/www.euromaritime.fr\/fr\/infos-pratiques\/contactez-nous\/\",\"url\":\"https:\/\/www.euromaritime.fr\/fr\/infos-pratiques\/contactez-nous\/\",\"name\":\"Contactez-nous - Euromaritime\",\"isPartOf\":{\"@id\":\"https:\/\/www.euromaritime.fr\/#website\"},\"datePublished\":\"2023-03-30T09:08:05+00:00\",\"dateModified\":\"2025-09-11T13:35:09+00:00\",\"description\":\"Vous avez une question sur votre prochaine participation, ou votre future visite ? Contactez-nous et notre \u00e9quipe vous r\u00e9pondra dans les meilleurs d\u00e9lais.\",\"breadcrumb\":{\"@id\":\"https:\/\/www.euromaritime.fr\/fr\/infos-pratiques\/contactez-nous\/#breadcrumb\"},\"inLanguage\":\"fr-FR\",\"potentialAction\":[{\"@type\":\"ReadAction\",\"target\":[\"https:\/\/www.euromaritime.fr\/fr\/infos-pratiques\/contactez-nous\/\"]}]},{\"@type\":\"BreadcrumbList\",\"@id\":\"https:\/\/www.euromaritime.fr\/fr\/infos-pratiques\/contactez-nous\/#breadcrumb\",\"itemListElement\":[{\"@type\":\"ListItem\",\"position\":1,\"name\":\"Accueil\",\"item\":\"https:\/\/www.euromaritime.fr\/fr\/accueil2026\/\"},{\"@type\":\"ListItem\",\"position\":2,\"name\":\"Infos pratiques\",\"item\":\"https:\/\/www.euromaritime.fr\/fr\/infos-pratiques\/\"},{\"@type\":\"ListItem\",\"position\":3,\"name\":\"Contactez-nous\"}]},{\"@type\":\"WebSite\",\"@id\":\"https:\/\/www.euromaritime.fr\/#website\",\"url\":\"https:\/\/www.euromaritime.fr\/\",\"name\":\"Euromaritime\",\"description\":\"Trade fair for an innovative marine industry\",\"publisher\":{\"@id\":\"https:\/\/www.euromaritime.fr\/#organization\"},\"potentialAction\":[{\"@type\":\"SearchAction\",\"target\":{\"@type\":\"EntryPoint\",\"urlTemplate\":\"https:\/\/www.euromaritime.fr\/?s={search_term_string}\"},\"query-input\":{\"@type\":\"PropertyValueSpecification\",\"valueRequired\":true,\"valueName\":\"search_term_string\"}}],\"inLanguage\":\"fr-FR\"},{\"@type\":\"Organization\",\"@id\":\"https:\/\/www.euromaritime.fr\/#organization\",\"name\":\"Euromaritime\",\"url\":\"https:\/\/www.euromaritime.fr\/\",\"logo\":{\"@type\":\"ImageObject\",\"inLanguage\":\"fr-FR\",\"@id\":\"https:\/\/www.euromaritime.fr\/#\/schema\/logo\/image\/\",\"url\":\"https:\/\/www.euromaritime.fr\/wp-content\/uploads\/2023\/02\/euromaritime-logo-dark.svg\",\"contentUrl\":\"https:\/\/www.euromaritime.fr\/wp-content\/uploads\/2023\/02\/euromaritime-logo-dark.svg\",\"caption\":\"Euromaritime\"},\"image\":{\"@id\":\"https:\/\/www.euromaritime.fr\/#\/schema\/logo\/image\/\"},\"sameAs\":[\"https:\/\/x.com\/Euromaritime22\",\"https:\/\/www.linkedin.com\/company\/euromaritime\/\",\"https:\/\/www.youtube.com\/@euromaritime5954\"]}]}<\/script>\n<!-- \/ Yoast SEO plugin. -->","yoast_head_json":{"title":"Contactez-nous - Euromaritime","description":"Vous avez une question sur votre prochaine participation, ou votre future visite ? Contactez-nous et notre \u00e9quipe vous r\u00e9pondra dans les meilleurs d\u00e9lais.","robots":{"index":"index","follow":"follow","max-snippet":"max-snippet:-1","max-image-preview":"max-image-preview:large","max-video-preview":"max-video-preview:-1"},"canonical":"https:\/\/www.euromaritime.fr\/fr\/infos-pratiques\/contactez-nous\/","og_locale":"fr_FR","og_type":"article","og_title":"Contactez-nous - Euromaritime","og_description":"Vous avez une question sur votre prochaine participation, ou votre future visite ? Contactez-nous et notre \u00e9quipe vous r\u00e9pondra dans les meilleurs d\u00e9lais.","og_url":"https:\/\/www.euromaritime.fr\/fr\/infos-pratiques\/contactez-nous\/","og_site_name":"Euromaritime","article_modified_time":"2025-09-11T13:35:09+00:00","twitter_card":"summary_large_image","twitter_site":"@Euromaritime22","twitter_misc":{"Dur\u00e9e de lecture estim\u00e9e":"1 minute"},"schema":{"@context":"https:\/\/schema.org","@graph":[{"@type":"WebPage","@id":"https:\/\/www.euromaritime.fr\/fr\/infos-pratiques\/contactez-nous\/","url":"https:\/\/www.euromaritime.fr\/fr\/infos-pratiques\/contactez-nous\/","name":"Contactez-nous - Euromaritime","isPartOf":{"@id":"https:\/\/www.euromaritime.fr\/#website"},"datePublished":"2023-03-30T09:08:05+00:00","dateModified":"2025-09-11T13:35:09+00:00","description":"Vous avez une question sur votre prochaine participation, ou votre future visite ? Contactez-nous et notre \u00e9quipe vous r\u00e9pondra dans les meilleurs d\u00e9lais.","breadcrumb":{"@id":"https:\/\/www.euromaritime.fr\/fr\/infos-pratiques\/contactez-nous\/#breadcrumb"},"inLanguage":"fr-FR","potentialAction":[{"@type":"ReadAction","target":["https:\/\/www.euromaritime.fr\/fr\/infos-pratiques\/contactez-nous\/"]}]},{"@type":"BreadcrumbList","@id":"https:\/\/www.euromaritime.fr\/fr\/infos-pratiques\/contactez-nous\/#breadcrumb","itemListElement":[{"@type":"ListItem","position":1,"name":"Accueil","item":"https:\/\/www.euromaritime.fr\/fr\/accueil2026\/"},{"@type":"ListItem","position":2,"name":"Infos pratiques","item":"https:\/\/www.euromaritime.fr\/fr\/infos-pratiques\/"},{"@type":"ListItem","position":3,"name":"Contactez-nous"}]},{"@type":"WebSite","@id":"https:\/\/www.euromaritime.fr\/#website","url":"https:\/\/www.euromaritime.fr\/","name":"Euromaritime","description":"Trade fair for an innovative marine industry","publisher":{"@id":"https:\/\/www.euromaritime.fr\/#organization"},"potentialAction":[{"@type":"SearchAction","target":{"@type":"EntryPoint","urlTemplate":"https:\/\/www.euromaritime.fr\/?s={search_term_string}"},"query-input":{"@type":"PropertyValueSpecification","valueRequired":true,"valueName":"search_term_string"}}],"inLanguage":"fr-FR"},{"@type":"Organization","@id":"https:\/\/www.euromaritime.fr\/#organization","name":"Euromaritime","url":"https:\/\/www.euromaritime.fr\/","logo":{"@type":"ImageObject","inLanguage":"fr-FR","@id":"https:\/\/www.euromaritime.fr\/#\/schema\/logo\/image\/","url":"https:\/\/www.euromaritime.fr\/wp-content\/uploads\/2023\/02\/euromaritime-logo-dark.svg","contentUrl":"https:\/\/www.euromaritime.fr\/wp-content\/uploads\/2023\/02\/euromaritime-logo-dark.svg","caption":"Euromaritime"},"image":{"@id":"https:\/\/www.euromaritime.fr\/#\/schema\/logo\/image\/"},"sameAs":["https:\/\/x.com\/Euromaritime22","https:\/\/www.linkedin.com\/company\/euromaritime\/","https:\/\/www.youtube.com\/@euromaritime5954"]}]}},"_links":{"self":[{"href":"https:\/\/www.euromaritime.fr\/fr\/wp-json\/wp\/v2\/pages\/5841","targetHints":{"allow":["GET"]}}],"collection":[{"href":"https:\/\/www.euromaritime.fr\/fr\/wp-json\/wp\/v2\/pages"}],"about":[{"href":"https:\/\/www.euromaritime.fr\/fr\/wp-json\/wp\/v2\/types\/page"}],"author":[{"embeddable":true,"href":"https:\/\/www.euromaritime.fr\/fr\/wp-json\/wp\/v2\/users\/1"}],"replies":[{"embeddable":true,"href":"https:\/\/www.euromaritime.fr\/fr\/wp-json\/wp\/v2\/comments?post=5841"}],"version-history":[{"count":0,"href":"https:\/\/www.euromaritime.fr\/fr\/wp-json\/wp\/v2\/pages\/5841\/revisions"}],"up":[{"embeddable":true,"href":"https:\/\/www.euromaritime.fr\/fr\/wp-json\/wp\/v2\/pages\/2899"}],"wp:attachment":[{"href":"https:\/\/www.euromaritime.fr\/fr\/wp-json\/wp\/v2\/media?parent=5841"}],"curies":[{"name":"wp","href":"https:\/\/api.w.org\/{rel}","templated":true}]}}